{"id":3137,"date":"2026-04-23T11:09:17","date_gmt":"2026-04-23T04:09:17","guid":{"rendered":"https:\/\/nlguitar.com\/?post_type=product&#038;p=1682"},"modified":"2026-04-29T13:04:30","modified_gmt":"2026-04-29T06:04:30","slug":"nhung-giai-dieu-khac-2","status":"publish","type":"product","link":"https:\/\/nlguitar.com\/en\/product\/nhung-giai-dieu-khac-2\/","title":{"rendered":"Nhu\u031b\u0303ng Giai \u0110ie\u0323\u0302u Kha\u0301c 2"},"content":{"rendered":"","protected":false},"excerpt":{"rendered":"","protected":false},"featured_media":1684,"comment_status":"open","ping_status":"closed","template":"","meta":[],"product_brand":[],"product_cat":[332,297,321],"product_tag":[339,347],"class_list":{"0":"post-3137","1":"product","2":"type-product","3":"status-publish","4":"has-post-thumbnail","6":"product_cat-free","7":"product_cat-tabs-en","8":"product_cat-v-pop","9":"product_tag-minh-toc-lam","10":"product_tag-v-pop","12":"first","13":"instock","14":"downloadable","15":"virtual","16":"taxable","17":"purchasable","18":"product-type-simple"},"ct_brands":[],"yoast_head":"<!-- This site is optimized with the Yoast SEO Premium plugin v27.5 (Yoast SEO v27.5) - https:\/\/yoast.com\/product\/yoast-seo-premium-wordpress\/ -->\n<title>Nhu\u031b\u0303ng Giai \u0110ie\u0323\u0302u Kha\u0301c 2 - NL Guitar<\/title>\n<meta name=\"robots\" content=\"index, follow, max-snippet:-1, max-image-preview:large, max-video-preview:-1\" \/>\n<link rel=\"canonical\" href=\"https:\/\/nlguitar.com\/en\/product\/nhung-giai-dieu-khac-2\/\" \/>\n<meta property=\"og:locale\" content=\"en_US\" \/>\n<meta property=\"og:type\" content=\"article\" \/>\n<meta property=\"og:title\" content=\"Nhu\u031b\u0303ng Giai \u0110ie\u0323\u0302u Kha\u0301c 2\" \/>\n<meta property=\"og:url\" content=\"https:\/\/nlguitar.com\/en\/product\/nhung-giai-dieu-khac-2\/\" \/>\n<meta property=\"og:site_name\" content=\"NL Guitar\" \/>\n<meta property=\"article:publisher\" content=\"https:\/\/www.facebook.com\/nlguitarclass\/\" \/>\n<meta property=\"article:modified_time\" content=\"2026-04-29T06:04:30+00:00\" \/>\n<meta property=\"og:image\" content=\"https:\/\/nlguitar.com\/wp-content\/uploads\/2026\/04\/Nhung-Giai-Dieu-Khac-211.png\" \/>\n\t<meta property=\"og:image:width\" content=\"595\" \/>\n\t<meta property=\"og:image:height\" content=\"841\" \/>\n\t<meta property=\"og:image:type\" content=\"image\/png\" \/>\n<meta name=\"twitter:card\" content=\"summary_large_image\" \/>\n<meta name=\"twitter:label1\" content=\"Est. reading time\" \/>\n\t<meta name=\"twitter:data1\" content=\"1 minute\" \/>\n<script type=\"application\/ld+json\" class=\"yoast-schema-graph\">{\"@context\":\"https:\\\/\\\/schema.org\",\"@graph\":[{\"@type\":\"WebPage\",\"@id\":\"https:\\\/\\\/nlguitar.com\\\/en\\\/product\\\/nhung-giai-dieu-khac-2\\\/\",\"url\":\"https:\\\/\\\/nlguitar.com\\\/en\\\/product\\\/nhung-giai-dieu-khac-2\\\/\",\"name\":\"Nhu\u031b\u0303ng Giai \u0110ie\u0323\u0302u Kha\u0301c 2 - NL Guitar\",\"isPartOf\":{\"@id\":\"https:\\\/\\\/nlguitar.com\\\/#website\"},\"primaryImageOfPage\":{\"@id\":\"https:\\\/\\\/nlguitar.com\\\/en\\\/product\\\/nhung-giai-dieu-khac-2\\\/#primaryimage\"},\"image\":{\"@id\":\"https:\\\/\\\/nlguitar.com\\\/en\\\/product\\\/nhung-giai-dieu-khac-2\\\/#primaryimage\"},\"thumbnailUrl\":\"https:\\\/\\\/nlguitar.com\\\/wp-content\\\/uploads\\\/2026\\\/04\\\/Nhung-Giai-Dieu-Khac-211.png\",\"datePublished\":\"2026-04-23T04:09:17+00:00\",\"dateModified\":\"2026-04-29T06:04:30+00:00\",\"breadcrumb\":{\"@id\":\"https:\\\/\\\/nlguitar.com\\\/en\\\/product\\\/nhung-giai-dieu-khac-2\\\/#breadcrumb\"},\"inLanguage\":\"en-US\",\"potentialAction\":[{\"@type\":\"ReadAction\",\"target\":[\"https:\\\/\\\/nlguitar.com\\\/en\\\/product\\\/nhung-giai-dieu-khac-2\\\/\"]}]},{\"@type\":\"ImageObject\",\"inLanguage\":\"en-US\",\"@id\":\"https:\\\/\\\/nlguitar.com\\\/en\\\/product\\\/nhung-giai-dieu-khac-2\\\/#primaryimage\",\"url\":\"https:\\\/\\\/nlguitar.com\\\/wp-content\\\/uploads\\\/2026\\\/04\\\/Nhung-Giai-Dieu-Khac-211.png\",\"contentUrl\":\"https:\\\/\\\/nlguitar.com\\\/wp-content\\\/uploads\\\/2026\\\/04\\\/Nhung-Giai-Dieu-Khac-211.png\",\"width\":595,\"height\":841},{\"@type\":\"BreadcrumbList\",\"@id\":\"https:\\\/\\\/nlguitar.com\\\/en\\\/product\\\/nhung-giai-dieu-khac-2\\\/#breadcrumb\",\"itemListElement\":[{\"@type\":\"ListItem\",\"position\":1,\"name\":\"Home\",\"item\":\"https:\\\/\\\/nlguitar.com\\\/\"},{\"@type\":\"ListItem\",\"position\":2,\"name\":\"Shop\",\"item\":\"https:\\\/\\\/nlguitar.com\\\/shop\\\/\"},{\"@type\":\"ListItem\",\"position\":3,\"name\":\"Nhu\u031b\u0303ng Giai \u0110ie\u0323\u0302u Kha\u0301c 2\"}]},{\"@type\":\"WebSite\",\"@id\":\"https:\\\/\\\/nlguitar.com\\\/#website\",\"url\":\"https:\\\/\\\/nlguitar.com\\\/\",\"name\":\"NL Guitar\",\"description\":\"Kh\u00f3a h\u1ecdc Guitar Online, Tabs &amp; S\u00e1ch Guitar Chuy\u00ean s\u00e2u\",\"publisher\":{\"@id\":\"https:\\\/\\\/nlguitar.com\\\/#organization\"},\"potentialAction\":[{\"@type\":\"SearchAction\",\"target\":{\"@type\":\"EntryPoint\",\"urlTemplate\":\"https:\\\/\\\/nlguitar.com\\\/?s={search_term_string}\"},\"query-input\":{\"@type\":\"PropertyValueSpecification\",\"valueRequired\":true,\"valueName\":\"search_term_string\"}}],\"inLanguage\":\"en-US\"},{\"@type\":[\"Organization\",\"Place\"],\"@id\":\"https:\\\/\\\/nlguitar.com\\\/#organization\",\"name\":\"NL Guitar\",\"alternateName\":\"NL Guitar Class\",\"url\":\"https:\\\/\\\/nlguitar.com\\\/\",\"logo\":{\"@id\":\"https:\\\/\\\/nlguitar.com\\\/en\\\/product\\\/nhung-giai-dieu-khac-2\\\/#local-main-organization-logo\"},\"image\":{\"@id\":\"https:\\\/\\\/nlguitar.com\\\/en\\\/product\\\/nhung-giai-dieu-khac-2\\\/#local-main-organization-logo\"},\"sameAs\":[\"https:\\\/\\\/www.facebook.com\\\/nlguitarclass\\\/\"],\"description\":\"Chuy\u00ean cung c\u1ea5p c\u00e1c kho\u00e1 h\u1ecdc Guitar chuy\u00ean nghi\u1ec7p, Guitar Tabs, S\u00e1ch v\u00e0 Gi\u00e1o Tr\u00ecnh\",\"telephone\":[],\"openingHoursSpecification\":[{\"@type\":\"OpeningHoursSpecification\",\"dayOfWeek\":[\"Monday\",\"Tuesday\",\"Wednesday\",\"Thursday\",\"Friday\",\"Saturday\",\"Sunday\"],\"opens\":\"09:00\",\"closes\":\"17:00\"}]},{\"@type\":\"ImageObject\",\"inLanguage\":\"en-US\",\"@id\":\"https:\\\/\\\/nlguitar.com\\\/en\\\/product\\\/nhung-giai-dieu-khac-2\\\/#local-main-organization-logo\",\"url\":\"https:\\\/\\\/nlguitar.com\\\/wp-content\\\/uploads\\\/2026\\\/04\\\/cropped-Logo-26-2.png\",\"contentUrl\":\"https:\\\/\\\/nlguitar.com\\\/wp-content\\\/uploads\\\/2026\\\/04\\\/cropped-Logo-26-2.png\",\"width\":512,\"height\":512,\"caption\":\"NL Guitar\"}]}<\/script>\n<!-- \/ Yoast SEO Premium plugin. -->","yoast_head_json":{"title":"Nhu\u031b\u0303ng Giai \u0110ie\u0323\u0302u Kha\u0301c 2 - NL Guitar","robots":{"index":"index","follow":"follow","max-snippet":"max-snippet:-1","max-image-preview":"max-image-preview:large","max-video-preview":"max-video-preview:-1"},"canonical":"https:\/\/nlguitar.com\/en\/product\/nhung-giai-dieu-khac-2\/","og_locale":"en_US","og_type":"article","og_title":"Nhu\u031b\u0303ng Giai \u0110ie\u0323\u0302u Kha\u0301c 2","og_url":"https:\/\/nlguitar.com\/en\/product\/nhung-giai-dieu-khac-2\/","og_site_name":"NL Guitar","article_publisher":"https:\/\/www.facebook.com\/nlguitarclass\/","article_modified_time":"2026-04-29T06:04:30+00:00","og_image":[{"width":595,"height":841,"url":"https:\/\/nlguitar.com\/wp-content\/uploads\/2026\/04\/Nhung-Giai-Dieu-Khac-211.png","type":"image\/png"}],"twitter_card":"summary_large_image","twitter_misc":{"Est. reading time":"1 minute"},"schema":{"@context":"https:\/\/schema.org","@graph":[{"@type":"WebPage","@id":"https:\/\/nlguitar.com\/en\/product\/nhung-giai-dieu-khac-2\/","url":"https:\/\/nlguitar.com\/en\/product\/nhung-giai-dieu-khac-2\/","name":"Nhu\u031b\u0303ng Giai \u0110ie\u0323\u0302u Kha\u0301c 2 - NL Guitar","isPartOf":{"@id":"https:\/\/nlguitar.com\/#website"},"primaryImageOfPage":{"@id":"https:\/\/nlguitar.com\/en\/product\/nhung-giai-dieu-khac-2\/#primaryimage"},"image":{"@id":"https:\/\/nlguitar.com\/en\/product\/nhung-giai-dieu-khac-2\/#primaryimage"},"thumbnailUrl":"https:\/\/nlguitar.com\/wp-content\/uploads\/2026\/04\/Nhung-Giai-Dieu-Khac-211.png","datePublished":"2026-04-23T04:09:17+00:00","dateModified":"2026-04-29T06:04:30+00:00","breadcrumb":{"@id":"https:\/\/nlguitar.com\/en\/product\/nhung-giai-dieu-khac-2\/#breadcrumb"},"inLanguage":"en-US","potentialAction":[{"@type":"ReadAction","target":["https:\/\/nlguitar.com\/en\/product\/nhung-giai-dieu-khac-2\/"]}]},{"@type":"ImageObject","inLanguage":"en-US","@id":"https:\/\/nlguitar.com\/en\/product\/nhung-giai-dieu-khac-2\/#primaryimage","url":"https:\/\/nlguitar.com\/wp-content\/uploads\/2026\/04\/Nhung-Giai-Dieu-Khac-211.png","contentUrl":"https:\/\/nlguitar.com\/wp-content\/uploads\/2026\/04\/Nhung-Giai-Dieu-Khac-211.png","width":595,"height":841},{"@type":"BreadcrumbList","@id":"https:\/\/nlguitar.com\/en\/product\/nhung-giai-dieu-khac-2\/#breadcrumb","itemListElement":[{"@type":"ListItem","position":1,"name":"Home","item":"https:\/\/nlguitar.com\/"},{"@type":"ListItem","position":2,"name":"Shop","item":"https:\/\/nlguitar.com\/shop\/"},{"@type":"ListItem","position":3,"name":"Nhu\u031b\u0303ng Giai \u0110ie\u0323\u0302u Kha\u0301c 2"}]},{"@type":"WebSite","@id":"https:\/\/nlguitar.com\/#website","url":"https:\/\/nlguitar.com\/","name":"NL Guitar","description":"Kh\u00f3a h\u1ecdc Guitar Online, Tabs &amp; S\u00e1ch Guitar Chuy\u00ean s\u00e2u","publisher":{"@id":"https:\/\/nlguitar.com\/#organization"},"potentialAction":[{"@type":"SearchAction","target":{"@type":"EntryPoint","urlTemplate":"https:\/\/nlguitar.com\/?s={search_term_string}"},"query-input":{"@type":"PropertyValueSpecification","valueRequired":true,"valueName":"search_term_string"}}],"inLanguage":"en-US"},{"@type":["Organization","Place"],"@id":"https:\/\/nlguitar.com\/#organization","name":"NL Guitar","alternateName":"NL Guitar Class","url":"https:\/\/nlguitar.com\/","logo":{"@id":"https:\/\/nlguitar.com\/en\/product\/nhung-giai-dieu-khac-2\/#local-main-organization-logo"},"image":{"@id":"https:\/\/nlguitar.com\/en\/product\/nhung-giai-dieu-khac-2\/#local-main-organization-logo"},"sameAs":["https:\/\/www.facebook.com\/nlguitarclass\/"],"description":"Chuy\u00ean cung c\u1ea5p c\u00e1c kho\u00e1 h\u1ecdc Guitar chuy\u00ean nghi\u1ec7p, Guitar Tabs, S\u00e1ch v\u00e0 Gi\u00e1o Tr\u00ecnh","telephone":[],"openingHoursSpecification":[{"@type":"OpeningHoursSpecification","dayOfWeek":["Monday","Tuesday","Wednesday","Thursday","Friday","Saturday","Sunday"],"opens":"09:00","closes":"17:00"}]},{"@type":"ImageObject","inLanguage":"en-US","@id":"https:\/\/nlguitar.com\/en\/product\/nhung-giai-dieu-khac-2\/#local-main-organization-logo","url":"https:\/\/nlguitar.com\/wp-content\/uploads\/2026\/04\/cropped-Logo-26-2.png","contentUrl":"https:\/\/nlguitar.com\/wp-content\/uploads\/2026\/04\/cropped-Logo-26-2.png","width":512,"height":512,"caption":"NL Guitar"}]}},"jetpack_sharing_enabled":true,"_links":{"self":[{"href":"https:\/\/nlguitar.com\/en\/wp-json\/wp\/v2\/product\/3137","targetHints":{"allow":["GET"]}}],"collection":[{"href":"https:\/\/nlguitar.com\/en\/wp-json\/wp\/v2\/product"}],"about":[{"href":"https:\/\/nlguitar.com\/en\/wp-json\/wp\/v2\/types\/product"}],"replies":[{"embeddable":true,"href":"https:\/\/nlguitar.com\/en\/wp-json\/wp\/v2\/comments?post=3137"}],"version-history":[{"count":0,"href":"https:\/\/nlguitar.com\/en\/wp-json\/wp\/v2\/product\/3137\/revisions"}],"wp:featuredmedia":[{"embeddable":true,"href":"https:\/\/nlguitar.com\/en\/wp-json\/wp\/v2\/media\/1684"}],"wp:attachment":[{"href":"https:\/\/nlguitar.com\/en\/wp-json\/wp\/v2\/media?parent=3137"}],"wp:term":[{"taxonomy":"product_brand","embeddable":true,"href":"https:\/\/nlguitar.com\/en\/wp-json\/wp\/v2\/product_brand?post=3137"},{"taxonomy":"product_cat","embeddable":true,"href":"https:\/\/nlguitar.com\/en\/wp-json\/wp\/v2\/product_cat?post=3137"},{"taxonomy":"product_tag","embeddable":true,"href":"https:\/\/nlguitar.com\/en\/wp-json\/wp\/v2\/product_tag?post=3137"}],"curies":[{"name":"wp","href":"https:\/\/api.w.org\/{rel}","templated":true}]}}