{"id":3111,"date":"2026-05-04T10:58:27","date_gmt":"2026-05-04T03:58:27","guid":{"rendered":"https:\/\/nlguitar.com\/?post_type=product&#038;p=2850"},"modified":"2026-05-04T11:19:30","modified_gmt":"2026-05-04T04:19:30","slug":"guitar-method-book-1","status":"publish","type":"product","link":"https:\/\/nlguitar.com\/en\/product\/guitar-method-book-1\/","title":{"rendered":"Guitar Method &#8211; Book 1"},"content":{"rendered":"<p data-path-to-node=\"3\">Cu\u1ed1n s\u00e1ch <b data-path-to-node=\"3\" data-index-in-node=\"10\">Guitar Method 1<\/b> l\u00e0 l\u1ed9 tr\u00ecnh \u0111\u00e0o t\u1ea1o guitar to\u00e0n di\u1ec7n, \u0111\u01b0\u1ee3c thi\u1ebft k\u1ebf khoa h\u1ecdc \u0111\u1ec3 d\u1eabn d\u1eaft ng\u01b0\u1eddi h\u1ecdc t\u1eeb nh\u1eefng b\u01b0\u1edbc \u0111i \u0111\u1ea7u ti\u00ean cho \u0111\u1ebfn khi l\u00e0m ch\u1ee7 c\u00e1c k\u1ef9 thu\u1eadt bi\u1ec3u di\u1ec5n chuy\u00ean nghi\u1ec7p. Thay v\u00ec ch\u1ec9 t\u1eadp trung v\u00e0o nh\u1ea1c l\u00fd kh\u00f4 khan, cu\u1ed1n s\u00e1ch l\u1ed3ng gh\u00e9p ki\u1ebfn th\u1ee9c v\u00e0o h\u1ec7 th\u1ed1ng b\u00e0i t\u1eadp th\u1ef1c h\u00e0nh phong ph\u00fa tr\u00ean t\u1eebng d\u00e2y \u0111\u00e0n, gi\u00fap ng\u01b0\u1eddi h\u1ecdc l\u00e0m quen v\u1edbi c\u00e1c n\u1ed1t nh\u1ea1c m\u1ed9t c\u00e1ch t\u1ef1 nhi\u00ean.<\/p>\n<p data-path-to-node=\"4\">L\u1ed9 tr\u00ecnh \u0111i t\u1eeb vi\u1ec7c nh\u1eadn bi\u1ebft k\u00fd hi\u1ec7u, luy\u1ec7n ng\u00f3n tr\u00ean t\u1eebng d\u00e2y, \u0111\u1ebfn vi\u1ec7c l\u00e0m ch\u1ee7 c\u00e1c lo\u1ea1i nh\u1ecbp ph\u1ee9c t\u1ea1p (6\/8, li\u00ean ba), c\u00e1c h\u1ee3p \u00e2m quan tr\u1ecdng v\u00e0 k\u1ef9 thu\u1eadt di\u1ec5n t\u1ea5u \u0111\u1eb7c tr\u01b0ng nh\u01b0 Finger Picking hay Travis Picking. V\u1edbi tuy\u1ec3n t\u1eadp c\u00e1c t\u00e1c ph\u1ea9m kinh \u0111i\u1ec3n t\u1eeb nh\u1ea1c c\u1ed5 \u0111i\u1ec3n, d\u00e2n ca \u0111\u1ebfn nh\u1ea1c hi\u1ec7n \u0111\u1ea1i, \u0111\u00e2y kh\u00f4ng ch\u1ec9 l\u00e0 m\u1ed9t t\u00e0i li\u1ec7u h\u1ecdc t\u1eadp m\u00e0 c\u00f2n l\u00e0 ng\u01b0\u1eddi b\u1ea1n \u0111\u1ed3ng h\u00e0nh gi\u00fap b\u1ea1n x\u00e2y d\u1ef1ng n\u1ec1n t\u1ea3ng v\u1eefng ch\u1eafc \u0111\u1ec3 t\u1ef1 tin ch\u01a1i m\u1ecdi th\u1ec3 lo\u1ea1i nh\u1ea1c.<\/p>\n<ul data-path-to-node=\"6\">\n<li>\n<p data-path-to-node=\"6,0,0\">H\u1ec7 th\u1ed1ng b\u00e0i t\u1eadp th\u1ef1c h\u00e0nh chi ti\u1ebft cho t\u1eebng d\u00e2y t\u1eeb d\u00e2y 1 \u0111\u1ebfn d\u00e2y 6.<\/p>\n<\/li>\n<li>\n<p data-path-to-node=\"6,1,0\">L\u00e0m ch\u1ee7 k\u1ef9 thu\u1eadt \u0111\u1ecdc n\u1ed1t v\u00e0 c\u00e1c k\u00fd hi\u1ec7u \u00e2m nh\u1ea1c c\u01a1 b\u1ea3n.<\/p>\n<\/li>\n<li>\n<p data-path-to-node=\"6,2,0\">Ph\u00e1t tri\u1ec3n k\u1ef9 n\u0103ng ti\u1ebft t\u1ea5u qua b\u00e0i t\u1eadp n\u1ed1t m\u00f3c \u0111\u01a1n, m\u00f3c k\u00e9p, ch\u1ea5m d\u00f4i v\u00e0 \u0111\u1ea3o ph\u00e1ch.<\/p>\n<\/li>\n<li>\n<p data-path-to-node=\"6,3,0\">K\u1ef9 thu\u1eadt b\u1ea5m h\u1ee3p \u00e2m t\u1eeb c\u01a1 b\u1ea3n (C, G7, Am, Dm) \u0111\u1ebfn h\u1ee3p \u00e2m ch\u1eb7n ph\u1ee9c t\u1ea1p.<\/p>\n<\/li>\n<li>\n<p data-path-to-node=\"6,4,0\">H\u01b0\u1edbng d\u1eabn chuy\u00ean s\u00e2u v\u1ec1 c\u00e1c phong c\u00e1ch g\u1ea3y ng\u00f3n: Arpeggios, Block Chord v\u00e0 Travis Picking.<\/p>\n<\/li>\n<li>\n<p data-path-to-node=\"6,5,0\">Luy\u1ec7n t\u1eadp c\u00e1c d\u1ea5u h\u00f3a (F#, C#, G#, Bb) v\u00e0 thang \u00e2m (G major scale, F major scale,&#8230;).<\/p>\n<\/li>\n<li>\n<p data-path-to-node=\"6,6,0\">\u1ee8ng d\u1ee5ng th\u1ef1c h\u00e0nh tr\u00ean kho t\u00e0ng t\u00e1c ph\u1ea9m n\u1ed5i ti\u1ebfng th\u1ebf gi\u1edbi v\u00e0 Vi\u1ec7t Nam.<\/p>\n<\/li>\n<\/ul>\n<h3 data-path-to-node=\"7\"><\/h3>","protected":false},"excerpt":{"rendered":"<p>Cu\u1ed1n s\u00e1ch Guitar Method 1 l\u00e0 l\u1ed9 tr\u00ecnh \u0111\u00e0o t\u1ea1o guitar to\u00e0n di\u1ec7n, \u0111\u01b0\u1ee3c thi\u1ebft k\u1ebf khoa h\u1ecdc \u0111\u1ec3 d\u1eabn d\u1eaft ng\u01b0\u1eddi h\u1ecdc t\u1eeb nh\u1eefng b\u01b0\u1edbc \u0111i \u0111\u1ea7u ti\u00ean cho \u0111\u1ebfn khi l\u00e0m ch\u1ee7 c\u00e1c k\u1ef9 thu\u1eadt bi\u1ec3u di\u1ec5n chuy\u00ean nghi\u1ec7p. Thay v\u00ec ch\u1ec9 t\u1eadp trung v\u00e0o nh\u1ea1c l\u00fd kh\u00f4 khan, cu\u1ed1n s\u00e1ch l\u1ed3ng gh\u00e9p [&hellip;]<\/p>\n","protected":false},"featured_media":2853,"comment_status":"open","ping_status":"closed","template":"","meta":[],"product_brand":[],"product_cat":[309],"product_tag":[314,317],"class_list":{"0":"post-3111","1":"product","2":"type-product","3":"status-publish","4":"has-post-thumbnail","6":"product_cat-books","7":"product_tag-acoustic","8":"product_tag-book","10":"first","11":"instock","12":"taxable","13":"shipping-taxable","14":"purchasable","15":"product-type-simple"},"ct_brands":[],"yoast_head":"<!-- This site is optimized with the Yoast SEO Premium plugin v27.5 (Yoast SEO v27.5) - https:\/\/yoast.com\/product\/yoast-seo-premium-wordpress\/ -->\n<title>Guitar Method - Book 1 - NL Guitar<\/title>\n<meta name=\"robots\" content=\"index, follow, max-snippet:-1, max-image-preview:large, max-video-preview:-1\" \/>\n<link rel=\"canonical\" href=\"https:\/\/nlguitar.com\/en\/product\/guitar-method-book-1\/\" \/>\n<meta property=\"og:locale\" content=\"en_US\" \/>\n<meta property=\"og:type\" content=\"article\" \/>\n<meta property=\"og:title\" content=\"Guitar Method - Book 1\" \/>\n<meta property=\"og:description\" content=\"Cu\u1ed1n s\u00e1ch Guitar Method 1 l\u00e0 l\u1ed9 tr\u00ecnh \u0111\u00e0o t\u1ea1o guitar to\u00e0n di\u1ec7n, \u0111\u01b0\u1ee3c thi\u1ebft k\u1ebf khoa h\u1ecdc \u0111\u1ec3 d\u1eabn d\u1eaft ng\u01b0\u1eddi h\u1ecdc t\u1eeb nh\u1eefng b\u01b0\u1edbc \u0111i \u0111\u1ea7u ti\u00ean cho \u0111\u1ebfn khi l\u00e0m ch\u1ee7 c\u00e1c k\u1ef9 thu\u1eadt bi\u1ec3u di\u1ec5n chuy\u00ean nghi\u1ec7p. Thay v\u00ec ch\u1ec9 t\u1eadp trung v\u00e0o nh\u1ea1c l\u00fd kh\u00f4 khan, cu\u1ed1n s\u00e1ch l\u1ed3ng gh\u00e9p [&hellip;]\" \/>\n<meta property=\"og:url\" content=\"https:\/\/nlguitar.com\/en\/product\/guitar-method-book-1\/\" \/>\n<meta property=\"og:site_name\" content=\"NL Guitar\" \/>\n<meta property=\"article:publisher\" content=\"https:\/\/www.facebook.com\/nlguitarclass\/\" \/>\n<meta property=\"article:modified_time\" content=\"2026-05-04T04:19:30+00:00\" \/>\n<meta property=\"og:image\" content=\"https:\/\/nlguitar.com\/wp-content\/uploads\/2026\/05\/guitar-method.png\" \/>\n\t<meta property=\"og:image:width\" content=\"707\" \/>\n\t<meta property=\"og:image:height\" content=\"1000\" \/>\n\t<meta property=\"og:image:type\" content=\"image\/png\" \/>\n<meta name=\"twitter:card\" content=\"summary_large_image\" \/>\n<meta name=\"twitter:label1\" content=\"Est. reading time\" \/>\n\t<meta name=\"twitter:data1\" content=\"2 minutes\" \/>\n<script type=\"application\/ld+json\" class=\"yoast-schema-graph\">{\"@context\":\"https:\\\/\\\/schema.org\",\"@graph\":[{\"@type\":\"WebPage\",\"@id\":\"https:\\\/\\\/nlguitar.com\\\/en\\\/product\\\/guitar-method-book-1\\\/\",\"url\":\"https:\\\/\\\/nlguitar.com\\\/en\\\/product\\\/guitar-method-book-1\\\/\",\"name\":\"Guitar Method - Book 1 - NL Guitar\",\"isPartOf\":{\"@id\":\"https:\\\/\\\/nlguitar.com\\\/#website\"},\"primaryImageOfPage\":{\"@id\":\"https:\\\/\\\/nlguitar.com\\\/en\\\/product\\\/guitar-method-book-1\\\/#primaryimage\"},\"image\":{\"@id\":\"https:\\\/\\\/nlguitar.com\\\/en\\\/product\\\/guitar-method-book-1\\\/#primaryimage\"},\"thumbnailUrl\":\"https:\\\/\\\/nlguitar.com\\\/wp-content\\\/uploads\\\/2026\\\/05\\\/guitar-method.webp\",\"datePublished\":\"2026-05-04T03:58:27+00:00\",\"dateModified\":\"2026-05-04T04:19:30+00:00\",\"breadcrumb\":{\"@id\":\"https:\\\/\\\/nlguitar.com\\\/en\\\/product\\\/guitar-method-book-1\\\/#breadcrumb\"},\"inLanguage\":\"en-US\",\"potentialAction\":[{\"@type\":\"ReadAction\",\"target\":[\"https:\\\/\\\/nlguitar.com\\\/en\\\/product\\\/guitar-method-book-1\\\/\"]}]},{\"@type\":\"ImageObject\",\"inLanguage\":\"en-US\",\"@id\":\"https:\\\/\\\/nlguitar.com\\\/en\\\/product\\\/guitar-method-book-1\\\/#primaryimage\",\"url\":\"https:\\\/\\\/nlguitar.com\\\/wp-content\\\/uploads\\\/2026\\\/05\\\/guitar-method.webp\",\"contentUrl\":\"https:\\\/\\\/nlguitar.com\\\/wp-content\\\/uploads\\\/2026\\\/05\\\/guitar-method.webp\",\"width\":707,\"height\":1000},{\"@type\":\"BreadcrumbList\",\"@id\":\"https:\\\/\\\/nlguitar.com\\\/en\\\/product\\\/guitar-method-book-1\\\/#breadcrumb\",\"itemListElement\":[{\"@type\":\"ListItem\",\"position\":1,\"name\":\"Home\",\"item\":\"https:\\\/\\\/nlguitar.com\\\/\"},{\"@type\":\"ListItem\",\"position\":2,\"name\":\"Shop\",\"item\":\"https:\\\/\\\/nlguitar.com\\\/shop\\\/\"},{\"@type\":\"ListItem\",\"position\":3,\"name\":\"Guitar Method &#8211; Book 1\"}]},{\"@type\":\"WebSite\",\"@id\":\"https:\\\/\\\/nlguitar.com\\\/#website\",\"url\":\"https:\\\/\\\/nlguitar.com\\\/\",\"name\":\"NL Guitar\",\"description\":\"Kh\u00f3a h\u1ecdc Guitar Online, Tabs &amp; S\u00e1ch Guitar Chuy\u00ean s\u00e2u\",\"publisher\":{\"@id\":\"https:\\\/\\\/nlguitar.com\\\/#organization\"},\"potentialAction\":[{\"@type\":\"SearchAction\",\"target\":{\"@type\":\"EntryPoint\",\"urlTemplate\":\"https:\\\/\\\/nlguitar.com\\\/?s={search_term_string}\"},\"query-input\":{\"@type\":\"PropertyValueSpecification\",\"valueRequired\":true,\"valueName\":\"search_term_string\"}}],\"inLanguage\":\"en-US\"},{\"@type\":[\"Organization\",\"Place\"],\"@id\":\"https:\\\/\\\/nlguitar.com\\\/#organization\",\"name\":\"NL Guitar\",\"alternateName\":\"NL Guitar Class\",\"url\":\"https:\\\/\\\/nlguitar.com\\\/\",\"logo\":{\"@id\":\"https:\\\/\\\/nlguitar.com\\\/en\\\/product\\\/guitar-method-book-1\\\/#local-main-organization-logo\"},\"image\":{\"@id\":\"https:\\\/\\\/nlguitar.com\\\/en\\\/product\\\/guitar-method-book-1\\\/#local-main-organization-logo\"},\"sameAs\":[\"https:\\\/\\\/www.facebook.com\\\/nlguitarclass\\\/\"],\"description\":\"Chuy\u00ean cung c\u1ea5p c\u00e1c kho\u00e1 h\u1ecdc Guitar chuy\u00ean nghi\u1ec7p, Guitar Tabs, S\u00e1ch v\u00e0 Gi\u00e1o Tr\u00ecnh\",\"telephone\":[],\"openingHoursSpecification\":[{\"@type\":\"OpeningHoursSpecification\",\"dayOfWeek\":[\"Monday\",\"Tuesday\",\"Wednesday\",\"Thursday\",\"Friday\",\"Saturday\",\"Sunday\"],\"opens\":\"09:00\",\"closes\":\"17:00\"}]},{\"@type\":\"ImageObject\",\"inLanguage\":\"en-US\",\"@id\":\"https:\\\/\\\/nlguitar.com\\\/en\\\/product\\\/guitar-method-book-1\\\/#local-main-organization-logo\",\"url\":\"https:\\\/\\\/nlguitar.com\\\/wp-content\\\/uploads\\\/2026\\\/04\\\/cropped-Logo-26-2.png\",\"contentUrl\":\"https:\\\/\\\/nlguitar.com\\\/wp-content\\\/uploads\\\/2026\\\/04\\\/cropped-Logo-26-2.png\",\"width\":512,\"height\":512,\"caption\":\"NL Guitar\"}]}<\/script>\n<!-- \/ Yoast SEO Premium plugin. -->","yoast_head_json":{"title":"Guitar Method - Book 1 - NL Guitar","robots":{"index":"index","follow":"follow","max-snippet":"max-snippet:-1","max-image-preview":"max-image-preview:large","max-video-preview":"max-video-preview:-1"},"canonical":"https:\/\/nlguitar.com\/en\/product\/guitar-method-book-1\/","og_locale":"en_US","og_type":"article","og_title":"Guitar Method - Book 1","og_description":"Cu\u1ed1n s\u00e1ch Guitar Method 1 l\u00e0 l\u1ed9 tr\u00ecnh \u0111\u00e0o t\u1ea1o guitar to\u00e0n di\u1ec7n, \u0111\u01b0\u1ee3c thi\u1ebft k\u1ebf khoa h\u1ecdc \u0111\u1ec3 d\u1eabn d\u1eaft ng\u01b0\u1eddi h\u1ecdc t\u1eeb nh\u1eefng b\u01b0\u1edbc \u0111i \u0111\u1ea7u ti\u00ean cho \u0111\u1ebfn khi l\u00e0m ch\u1ee7 c\u00e1c k\u1ef9 thu\u1eadt bi\u1ec3u di\u1ec5n chuy\u00ean nghi\u1ec7p. Thay v\u00ec ch\u1ec9 t\u1eadp trung v\u00e0o nh\u1ea1c l\u00fd kh\u00f4 khan, cu\u1ed1n s\u00e1ch l\u1ed3ng gh\u00e9p [&hellip;]","og_url":"https:\/\/nlguitar.com\/en\/product\/guitar-method-book-1\/","og_site_name":"NL Guitar","article_publisher":"https:\/\/www.facebook.com\/nlguitarclass\/","article_modified_time":"2026-05-04T04:19:30+00:00","og_image":[{"width":707,"height":1000,"url":"https:\/\/nlguitar.com\/wp-content\/uploads\/2026\/05\/guitar-method.png","type":"image\/png"}],"twitter_card":"summary_large_image","twitter_misc":{"Est. reading time":"2 minutes"},"schema":{"@context":"https:\/\/schema.org","@graph":[{"@type":"WebPage","@id":"https:\/\/nlguitar.com\/en\/product\/guitar-method-book-1\/","url":"https:\/\/nlguitar.com\/en\/product\/guitar-method-book-1\/","name":"Guitar Method - Book 1 - NL Guitar","isPartOf":{"@id":"https:\/\/nlguitar.com\/#website"},"primaryImageOfPage":{"@id":"https:\/\/nlguitar.com\/en\/product\/guitar-method-book-1\/#primaryimage"},"image":{"@id":"https:\/\/nlguitar.com\/en\/product\/guitar-method-book-1\/#primaryimage"},"thumbnailUrl":"https:\/\/nlguitar.com\/wp-content\/uploads\/2026\/05\/guitar-method.webp","datePublished":"2026-05-04T03:58:27+00:00","dateModified":"2026-05-04T04:19:30+00:00","breadcrumb":{"@id":"https:\/\/nlguitar.com\/en\/product\/guitar-method-book-1\/#breadcrumb"},"inLanguage":"en-US","potentialAction":[{"@type":"ReadAction","target":["https:\/\/nlguitar.com\/en\/product\/guitar-method-book-1\/"]}]},{"@type":"ImageObject","inLanguage":"en-US","@id":"https:\/\/nlguitar.com\/en\/product\/guitar-method-book-1\/#primaryimage","url":"https:\/\/nlguitar.com\/wp-content\/uploads\/2026\/05\/guitar-method.webp","contentUrl":"https:\/\/nlguitar.com\/wp-content\/uploads\/2026\/05\/guitar-method.webp","width":707,"height":1000},{"@type":"BreadcrumbList","@id":"https:\/\/nlguitar.com\/en\/product\/guitar-method-book-1\/#breadcrumb","itemListElement":[{"@type":"ListItem","position":1,"name":"Home","item":"https:\/\/nlguitar.com\/"},{"@type":"ListItem","position":2,"name":"Shop","item":"https:\/\/nlguitar.com\/shop\/"},{"@type":"ListItem","position":3,"name":"Guitar Method &#8211; Book 1"}]},{"@type":"WebSite","@id":"https:\/\/nlguitar.com\/#website","url":"https:\/\/nlguitar.com\/","name":"NL Guitar","description":"Kh\u00f3a h\u1ecdc Guitar Online, Tabs &amp; S\u00e1ch Guitar Chuy\u00ean s\u00e2u","publisher":{"@id":"https:\/\/nlguitar.com\/#organization"},"potentialAction":[{"@type":"SearchAction","target":{"@type":"EntryPoint","urlTemplate":"https:\/\/nlguitar.com\/?s={search_term_string}"},"query-input":{"@type":"PropertyValueSpecification","valueRequired":true,"valueName":"search_term_string"}}],"inLanguage":"en-US"},{"@type":["Organization","Place"],"@id":"https:\/\/nlguitar.com\/#organization","name":"NL Guitar","alternateName":"NL Guitar Class","url":"https:\/\/nlguitar.com\/","logo":{"@id":"https:\/\/nlguitar.com\/en\/product\/guitar-method-book-1\/#local-main-organization-logo"},"image":{"@id":"https:\/\/nlguitar.com\/en\/product\/guitar-method-book-1\/#local-main-organization-logo"},"sameAs":["https:\/\/www.facebook.com\/nlguitarclass\/"],"description":"Chuy\u00ean cung c\u1ea5p c\u00e1c kho\u00e1 h\u1ecdc Guitar chuy\u00ean nghi\u1ec7p, Guitar Tabs, S\u00e1ch v\u00e0 Gi\u00e1o Tr\u00ecnh","telephone":[],"openingHoursSpecification":[{"@type":"OpeningHoursSpecification","dayOfWeek":["Monday","Tuesday","Wednesday","Thursday","Friday","Saturday","Sunday"],"opens":"09:00","closes":"17:00"}]},{"@type":"ImageObject","inLanguage":"en-US","@id":"https:\/\/nlguitar.com\/en\/product\/guitar-method-book-1\/#local-main-organization-logo","url":"https:\/\/nlguitar.com\/wp-content\/uploads\/2026\/04\/cropped-Logo-26-2.png","contentUrl":"https:\/\/nlguitar.com\/wp-content\/uploads\/2026\/04\/cropped-Logo-26-2.png","width":512,"height":512,"caption":"NL Guitar"}]}},"jetpack_sharing_enabled":true,"_links":{"self":[{"href":"https:\/\/nlguitar.com\/en\/wp-json\/wp\/v2\/product\/3111","targetHints":{"allow":["GET"]}}],"collection":[{"href":"https:\/\/nlguitar.com\/en\/wp-json\/wp\/v2\/product"}],"about":[{"href":"https:\/\/nlguitar.com\/en\/wp-json\/wp\/v2\/types\/product"}],"replies":[{"embeddable":true,"href":"https:\/\/nlguitar.com\/en\/wp-json\/wp\/v2\/comments?post=3111"}],"version-history":[{"count":0,"href":"https:\/\/nlguitar.com\/en\/wp-json\/wp\/v2\/product\/3111\/revisions"}],"wp:featuredmedia":[{"embeddable":true,"href":"https:\/\/nlguitar.com\/en\/wp-json\/wp\/v2\/media\/2853"}],"wp:attachment":[{"href":"https:\/\/nlguitar.com\/en\/wp-json\/wp\/v2\/media?parent=3111"}],"wp:term":[{"taxonomy":"product_brand","embeddable":true,"href":"https:\/\/nlguitar.com\/en\/wp-json\/wp\/v2\/product_brand?post=3111"},{"taxonomy":"product_cat","embeddable":true,"href":"https:\/\/nlguitar.com\/en\/wp-json\/wp\/v2\/product_cat?post=3111"},{"taxonomy":"product_tag","embeddable":true,"href":"https:\/\/nlguitar.com\/en\/wp-json\/wp\/v2\/product_tag?post=3111"}],"curies":[{"name":"wp","href":"https:\/\/api.w.org\/{rel}","templated":true}]}}