{"id":3110,"date":"2026-05-04T11:01:56","date_gmt":"2026-05-04T04:01:56","guid":{"rendered":"https:\/\/nlguitar.com\/?post_type=product&#038;p=2858"},"modified":"2026-05-04T11:07:26","modified_gmt":"2026-05-04T04:07:26","slug":"guitar-dem-hat-book-1","status":"publish","type":"product","link":"https:\/\/nlguitar.com\/en\/product\/guitar-dem-hat-book-1\/","title":{"rendered":"Guitar \u0110\u1ec7m H\u00e1t  &#8211; Book 1"},"content":{"rendered":"<p data-path-to-node=\"10\">Cu\u1ed1n s\u00e1ch n\u00e0y l\u00e0 b\u1ed9 s\u01b0u t\u1eadp c\u00e1c \u0111i\u1ec7u nh\u1ea1c ph\u1ed5 bi\u1ebfn v\u00e0 \u0111\u1eb7c tr\u01b0ng nh\u1ea5t trong ngh\u1ec7 thu\u1eadt Guitar \u0111\u1ec7m h\u00e1t. \u0110\u01b0\u1ee3c chia th\u00e0nh 8 ch\u01b0\u01a1ng t\u01b0\u01a1ng \u1ee9ng v\u1edbi 8 \u0111i\u1ec7u nh\u1ea1c t\u1eeb c\u1ed5 \u0111i\u1ec3n \u0111\u1ebfn hi\u1ec7n \u0111\u1ea1i, s\u00e1ch cung c\u1ea5p c\u00e1c m\u1eabu \u0111\u1ec7m chu\u1ea9n x\u00e1c th\u00f4ng qua nh\u1eefng b\u00e0i h\u00e1t \u0111i c\u00f9ng n\u0103m th\u00e1ng c\u1ee7a \u00e2m nh\u1ea1c Vi\u1ec7t Nam v\u00e0 qu\u1ed1c t\u1ebf. \u0110\u00e2y l\u00e0 t\u00e0i li\u1ec7u th\u1ef1c h\u00e0nh gi\u00fap ng\u01b0\u1eddi ch\u01a1i kh\u00f4ng ch\u1ec9 thu\u1ed9c l\u00f2ng c\u00e1c ti\u1ebft t\u1ea5u m\u00e0 c\u00f2n hi\u1ec3u c\u00e1ch v\u1eadn d\u1ee5ng linh ho\u1ea1t v\u00e0o c\u00e1c b\u00e0i h\u00e1t c\u00f3 c\u00f9ng phong c\u00e1ch.<\/p>\n<ul>\n<li>\n<p data-path-to-node=\"12,0,0\"><b data-path-to-node=\"12,0,0\" data-index-in-node=\"0\">Ph\u1ea7n 1: VALSE<\/b><\/p>\n<ul data-path-to-node=\"12,0,1\">\n<li>\n<p data-path-to-node=\"12,0,1,0,0\">T\u00ecnh N\u1ed3ng Ch\u00e1y, Happy Birthday, Nh\u1eadt K\u00fd C\u1ee7a M\u1eb9, Nh\u1ecf \u01a0i, \u0110\u01b0\u1eddng X\u01b0a, Ng\u01b0\u1eddi Y\u00eau C\u0169 C\u00f3 Ng\u01b0\u1eddi Y\u00eau M\u1edbi.<\/p>\n<\/li>\n<\/ul>\n<\/li>\n<li>\n<p data-path-to-node=\"12,1,0\"><b data-path-to-node=\"12,1,0\" data-index-in-node=\"0\">Ph\u1ea7n 2: SLOW ROCK<\/b><\/p>\n<ul data-path-to-node=\"12,1,1\">\n<li>\n<p data-path-to-node=\"12,1,1,0,0\">Can&#8217;t Help Falling In Love, H\u1ea1 Tr\u1eafng, C\u00f2n Tu\u1ed5i N\u00e0o Cho Em, T\u00ecnh B\u01a1 V\u01a1, T\u00ecnh Kh\u00fac Cho Em.<\/p>\n<\/li>\n<\/ul>\n<\/li>\n<li>\n<p data-path-to-node=\"12,2,0\"><b data-path-to-node=\"12,2,0\" data-index-in-node=\"0\">Ph\u1ea7n 3: BOSTON<\/b><\/p>\n<ul data-path-to-node=\"12,2,1\">\n<li>\n<p data-path-to-node=\"12,2,1,0,0\">Anh C\u00f2n N\u1ee3 Em, Ni\u1ec7m Kh\u00fac Cu\u1ed1i, Ri\u00eang M\u1ed9t G\u00f3c Tr\u1eddi, Khi Ng\u01b0\u1eddi Y\u00eau T\u00f4i Kh\u00f3c, B\u00e0i Kh\u00f4ng T\u00ean S\u1ed1 4, Kh\u00f4ng C\u00f2n M\u00f9a Thu.<\/p>\n<\/li>\n<\/ul>\n<\/li>\n<li>\n<p data-path-to-node=\"12,3,0\"><b data-path-to-node=\"12,3,0\" data-index-in-node=\"0\">Ph\u1ea7n 4: POP BALLAD<\/b><\/p>\n<ul data-path-to-node=\"12,3,1\">\n<li>\n<p data-path-to-node=\"12,3,1,0,0\">Proud Of You, Ti\u1ebfc Th\u01b0\u01a1ng (Dona Dona), \u00c1nh Tr\u0103ng N\u00f3i H\u1ed9 L\u00f2ng T\u00f4i, T\u00e2m, Tu\u1ed5i M\u1ed9ng M\u01a1, \u0110i\u1ec1u Gi\u1ea3n D\u1ecb, C\u00f3 Ch\u00e0ng Trai Vi\u1ebft L\u00ean C\u00e2y, Xin L\u1ed7i, \u00c1nh N\u1eafng C\u1ee7a Anh.<\/p>\n<\/li>\n<\/ul>\n<\/li>\n<li>\n<p data-path-to-node=\"12,4,0\"><b data-path-to-node=\"12,4,0\" data-index-in-node=\"0\">Ph\u1ea7n 5: BOLERO<\/b><\/p>\n<ul data-path-to-node=\"12,4,1\">\n<li>\n<p data-path-to-node=\"12,4,1,0,0\">Con \u0110\u01b0\u1eddng X\u01b0a Em \u0110i, Qua C\u01a1n M\u00ea, L\u1ea1i Nh\u1edb Ng\u01b0\u1eddi Y\u00eau.<\/p>\n<\/li>\n<\/ul>\n<\/li>\n<li>\n<p data-path-to-node=\"12,5,0\"><b data-path-to-node=\"12,5,0\" data-index-in-node=\"0\">Ph\u1ea7n 6: RHUMBA<\/b><\/p>\n<ul data-path-to-node=\"12,5,1\">\n<li>\n<p data-path-to-node=\"12,5,1,0,0\">Tuy\u1ebft R\u01a1i, C\u01a1n M\u01b0a H\u1ea1, Ti\u1ec5n \u0110\u01b0a.<\/p>\n<\/li>\n<\/ul>\n<\/li>\n<li>\n<p data-path-to-node=\"12,6,0\"><b data-path-to-node=\"12,6,0\" data-index-in-node=\"0\">Ph\u1ea7n 7: BOSSA NOVA<\/b><\/p>\n<ul data-path-to-node=\"12,6,1\">\n<li>\n<p data-path-to-node=\"12,6,1,0,0\">V\u1ebft Th\u01b0\u01a1ng Cu\u1ed1i C\u00f9ng, Nh\u1eefng L\u1eddi M\u00ea Ho\u1eb7c, T\u1eebng L\u00e0.<\/p>\n<\/li>\n<\/ul>\n<\/li>\n<li>\n<p data-path-to-node=\"12,7,0\"><b data-path-to-node=\"12,7,0\" data-index-in-node=\"0\">Ph\u1ea7n 8: BEPOP<\/b><\/p>\n<ul data-path-to-node=\"12,7,1\">\n<li>\n<p data-path-to-node=\"12,7,1,0,0\">L\u1eddi Y\u00eau Th\u01b0\u01a1ng, Papa.<\/p>\n<\/li>\n<\/ul>\n<\/li>\n<\/ul>","protected":false},"excerpt":{"rendered":"<p>Cu\u1ed1n s\u00e1ch n\u00e0y l\u00e0 b\u1ed9 s\u01b0u t\u1eadp c\u00e1c \u0111i\u1ec7u nh\u1ea1c ph\u1ed5 bi\u1ebfn v\u00e0 \u0111\u1eb7c tr\u01b0ng nh\u1ea5t trong ngh\u1ec7 thu\u1eadt Guitar \u0111\u1ec7m h\u00e1t. \u0110\u01b0\u1ee3c chia th\u00e0nh 8 ch\u01b0\u01a1ng t\u01b0\u01a1ng \u1ee9ng v\u1edbi 8 \u0111i\u1ec7u nh\u1ea1c t\u1eeb c\u1ed5 \u0111i\u1ec3n \u0111\u1ebfn hi\u1ec7n \u0111\u1ea1i, s\u00e1ch cung c\u1ea5p c\u00e1c m\u1eabu \u0111\u1ec7m chu\u1ea9n x\u00e1c th\u00f4ng qua nh\u1eefng b\u00e0i h\u00e1t \u0111i c\u00f9ng n\u0103m [&hellip;]<\/p>\n","protected":false},"featured_media":2852,"comment_status":"open","ping_status":"closed","template":"","meta":[],"product_brand":[],"product_cat":[309],"product_tag":[],"class_list":{"0":"post-3110","1":"product","2":"type-product","3":"status-publish","4":"has-post-thumbnail","6":"product_cat-books","8":"first","9":"instock","10":"taxable","11":"shipping-taxable","12":"purchasable","13":"product-type-simple"},"ct_brands":[],"yoast_head":"<!-- This site is optimized with the Yoast SEO Premium plugin v27.5 (Yoast SEO v27.5) - https:\/\/yoast.com\/product\/yoast-seo-premium-wordpress\/ -->\n<title>Guitar \u0110\u1ec7m H\u00e1t - Book 1 - NL Guitar<\/title>\n<meta name=\"robots\" content=\"index, follow, max-snippet:-1, max-image-preview:large, max-video-preview:-1\" \/>\n<link rel=\"canonical\" href=\"https:\/\/nlguitar.com\/en\/product\/guitar-dem-hat-book-1\/\" \/>\n<meta property=\"og:locale\" content=\"en_US\" \/>\n<meta property=\"og:type\" content=\"article\" \/>\n<meta property=\"og:title\" content=\"Guitar \u0110\u1ec7m H\u00e1t - Book 1\" \/>\n<meta property=\"og:description\" content=\"Cu\u1ed1n s\u00e1ch n\u00e0y l\u00e0 b\u1ed9 s\u01b0u t\u1eadp c\u00e1c \u0111i\u1ec7u nh\u1ea1c ph\u1ed5 bi\u1ebfn v\u00e0 \u0111\u1eb7c tr\u01b0ng nh\u1ea5t trong ngh\u1ec7 thu\u1eadt Guitar \u0111\u1ec7m h\u00e1t. \u0110\u01b0\u1ee3c chia th\u00e0nh 8 ch\u01b0\u01a1ng t\u01b0\u01a1ng \u1ee9ng v\u1edbi 8 \u0111i\u1ec7u nh\u1ea1c t\u1eeb c\u1ed5 \u0111i\u1ec3n \u0111\u1ebfn hi\u1ec7n \u0111\u1ea1i, s\u00e1ch cung c\u1ea5p c\u00e1c m\u1eabu \u0111\u1ec7m chu\u1ea9n x\u00e1c th\u00f4ng qua nh\u1eefng b\u00e0i h\u00e1t \u0111i c\u00f9ng n\u0103m [&hellip;]\" \/>\n<meta property=\"og:url\" content=\"https:\/\/nlguitar.com\/en\/product\/guitar-dem-hat-book-1\/\" \/>\n<meta property=\"og:site_name\" content=\"NL Guitar\" \/>\n<meta property=\"article:publisher\" content=\"https:\/\/www.facebook.com\/nlguitarclass\/\" \/>\n<meta property=\"article:modified_time\" content=\"2026-05-04T04:07:26+00:00\" \/>\n<meta property=\"og:image\" content=\"https:\/\/nlguitar.com\/wp-content\/uploads\/2026\/05\/guitar-dem-hat.png\" \/>\n\t<meta property=\"og:image:width\" content=\"707\" \/>\n\t<meta property=\"og:image:height\" content=\"1000\" \/>\n\t<meta property=\"og:image:type\" content=\"image\/png\" \/>\n<meta name=\"twitter:card\" content=\"summary_large_image\" \/>\n<meta name=\"twitter:label1\" content=\"Est. reading time\" \/>\n\t<meta name=\"twitter:data1\" content=\"2 minutes\" \/>\n<script type=\"application\/ld+json\" class=\"yoast-schema-graph\">{\"@context\":\"https:\\\/\\\/schema.org\",\"@graph\":[{\"@type\":\"WebPage\",\"@id\":\"https:\\\/\\\/nlguitar.com\\\/en\\\/product\\\/guitar-dem-hat-book-1\\\/\",\"url\":\"https:\\\/\\\/nlguitar.com\\\/en\\\/product\\\/guitar-dem-hat-book-1\\\/\",\"name\":\"Guitar \u0110\u1ec7m H\u00e1t - Book 1 - NL Guitar\",\"isPartOf\":{\"@id\":\"https:\\\/\\\/nlguitar.com\\\/#website\"},\"primaryImageOfPage\":{\"@id\":\"https:\\\/\\\/nlguitar.com\\\/en\\\/product\\\/guitar-dem-hat-book-1\\\/#primaryimage\"},\"image\":{\"@id\":\"https:\\\/\\\/nlguitar.com\\\/en\\\/product\\\/guitar-dem-hat-book-1\\\/#primaryimage\"},\"thumbnailUrl\":\"https:\\\/\\\/nlguitar.com\\\/wp-content\\\/uploads\\\/2026\\\/05\\\/guitar-dem-hat.webp\",\"datePublished\":\"2026-05-04T04:01:56+00:00\",\"dateModified\":\"2026-05-04T04:07:26+00:00\",\"breadcrumb\":{\"@id\":\"https:\\\/\\\/nlguitar.com\\\/en\\\/product\\\/guitar-dem-hat-book-1\\\/#breadcrumb\"},\"inLanguage\":\"en-US\",\"potentialAction\":[{\"@type\":\"ReadAction\",\"target\":[\"https:\\\/\\\/nlguitar.com\\\/en\\\/product\\\/guitar-dem-hat-book-1\\\/\"]}]},{\"@type\":\"ImageObject\",\"inLanguage\":\"en-US\",\"@id\":\"https:\\\/\\\/nlguitar.com\\\/en\\\/product\\\/guitar-dem-hat-book-1\\\/#primaryimage\",\"url\":\"https:\\\/\\\/nlguitar.com\\\/wp-content\\\/uploads\\\/2026\\\/05\\\/guitar-dem-hat.webp\",\"contentUrl\":\"https:\\\/\\\/nlguitar.com\\\/wp-content\\\/uploads\\\/2026\\\/05\\\/guitar-dem-hat.webp\",\"width\":707,\"height\":1000},{\"@type\":\"BreadcrumbList\",\"@id\":\"https:\\\/\\\/nlguitar.com\\\/en\\\/product\\\/guitar-dem-hat-book-1\\\/#breadcrumb\",\"itemListElement\":[{\"@type\":\"ListItem\",\"position\":1,\"name\":\"Home\",\"item\":\"https:\\\/\\\/nlguitar.com\\\/\"},{\"@type\":\"ListItem\",\"position\":2,\"name\":\"Shop\",\"item\":\"https:\\\/\\\/nlguitar.com\\\/shop\\\/\"},{\"@type\":\"ListItem\",\"position\":3,\"name\":\"Guitar \u0110\u1ec7m H\u00e1t &#8211; Book 1\"}]},{\"@type\":\"WebSite\",\"@id\":\"https:\\\/\\\/nlguitar.com\\\/#website\",\"url\":\"https:\\\/\\\/nlguitar.com\\\/\",\"name\":\"NL Guitar\",\"description\":\"Kh\u00f3a h\u1ecdc Guitar Online, Tabs &amp; S\u00e1ch Guitar Chuy\u00ean s\u00e2u\",\"publisher\":{\"@id\":\"https:\\\/\\\/nlguitar.com\\\/#organization\"},\"potentialAction\":[{\"@type\":\"SearchAction\",\"target\":{\"@type\":\"EntryPoint\",\"urlTemplate\":\"https:\\\/\\\/nlguitar.com\\\/?s={search_term_string}\"},\"query-input\":{\"@type\":\"PropertyValueSpecification\",\"valueRequired\":true,\"valueName\":\"search_term_string\"}}],\"inLanguage\":\"en-US\"},{\"@type\":[\"Organization\",\"Place\"],\"@id\":\"https:\\\/\\\/nlguitar.com\\\/#organization\",\"name\":\"NL Guitar\",\"alternateName\":\"NL Guitar Class\",\"url\":\"https:\\\/\\\/nlguitar.com\\\/\",\"logo\":{\"@id\":\"https:\\\/\\\/nlguitar.com\\\/en\\\/product\\\/guitar-dem-hat-book-1\\\/#local-main-organization-logo\"},\"image\":{\"@id\":\"https:\\\/\\\/nlguitar.com\\\/en\\\/product\\\/guitar-dem-hat-book-1\\\/#local-main-organization-logo\"},\"sameAs\":[\"https:\\\/\\\/www.facebook.com\\\/nlguitarclass\\\/\"],\"description\":\"Chuy\u00ean cung c\u1ea5p c\u00e1c kho\u00e1 h\u1ecdc Guitar chuy\u00ean nghi\u1ec7p, Guitar Tabs, S\u00e1ch v\u00e0 Gi\u00e1o Tr\u00ecnh\",\"telephone\":[],\"openingHoursSpecification\":[{\"@type\":\"OpeningHoursSpecification\",\"dayOfWeek\":[\"Monday\",\"Tuesday\",\"Wednesday\",\"Thursday\",\"Friday\",\"Saturday\",\"Sunday\"],\"opens\":\"09:00\",\"closes\":\"17:00\"}]},{\"@type\":\"ImageObject\",\"inLanguage\":\"en-US\",\"@id\":\"https:\\\/\\\/nlguitar.com\\\/en\\\/product\\\/guitar-dem-hat-book-1\\\/#local-main-organization-logo\",\"url\":\"https:\\\/\\\/nlguitar.com\\\/wp-content\\\/uploads\\\/2026\\\/04\\\/cropped-Logo-26-2.png\",\"contentUrl\":\"https:\\\/\\\/nlguitar.com\\\/wp-content\\\/uploads\\\/2026\\\/04\\\/cropped-Logo-26-2.png\",\"width\":512,\"height\":512,\"caption\":\"NL Guitar\"}]}<\/script>\n<!-- \/ Yoast SEO Premium plugin. -->","yoast_head_json":{"title":"Guitar \u0110\u1ec7m H\u00e1t - Book 1 - NL Guitar","robots":{"index":"index","follow":"follow","max-snippet":"max-snippet:-1","max-image-preview":"max-image-preview:large","max-video-preview":"max-video-preview:-1"},"canonical":"https:\/\/nlguitar.com\/en\/product\/guitar-dem-hat-book-1\/","og_locale":"en_US","og_type":"article","og_title":"Guitar \u0110\u1ec7m H\u00e1t - Book 1","og_description":"Cu\u1ed1n s\u00e1ch n\u00e0y l\u00e0 b\u1ed9 s\u01b0u t\u1eadp c\u00e1c \u0111i\u1ec7u nh\u1ea1c ph\u1ed5 bi\u1ebfn v\u00e0 \u0111\u1eb7c tr\u01b0ng nh\u1ea5t trong ngh\u1ec7 thu\u1eadt Guitar \u0111\u1ec7m h\u00e1t. \u0110\u01b0\u1ee3c chia th\u00e0nh 8 ch\u01b0\u01a1ng t\u01b0\u01a1ng \u1ee9ng v\u1edbi 8 \u0111i\u1ec7u nh\u1ea1c t\u1eeb c\u1ed5 \u0111i\u1ec3n \u0111\u1ebfn hi\u1ec7n \u0111\u1ea1i, s\u00e1ch cung c\u1ea5p c\u00e1c m\u1eabu \u0111\u1ec7m chu\u1ea9n x\u00e1c th\u00f4ng qua nh\u1eefng b\u00e0i h\u00e1t \u0111i c\u00f9ng n\u0103m [&hellip;]","og_url":"https:\/\/nlguitar.com\/en\/product\/guitar-dem-hat-book-1\/","og_site_name":"NL Guitar","article_publisher":"https:\/\/www.facebook.com\/nlguitarclass\/","article_modified_time":"2026-05-04T04:07:26+00:00","og_image":[{"width":707,"height":1000,"url":"https:\/\/nlguitar.com\/wp-content\/uploads\/2026\/05\/guitar-dem-hat.png","type":"image\/png"}],"twitter_card":"summary_large_image","twitter_misc":{"Est. reading time":"2 minutes"},"schema":{"@context":"https:\/\/schema.org","@graph":[{"@type":"WebPage","@id":"https:\/\/nlguitar.com\/en\/product\/guitar-dem-hat-book-1\/","url":"https:\/\/nlguitar.com\/en\/product\/guitar-dem-hat-book-1\/","name":"Guitar \u0110\u1ec7m H\u00e1t - Book 1 - NL Guitar","isPartOf":{"@id":"https:\/\/nlguitar.com\/#website"},"primaryImageOfPage":{"@id":"https:\/\/nlguitar.com\/en\/product\/guitar-dem-hat-book-1\/#primaryimage"},"image":{"@id":"https:\/\/nlguitar.com\/en\/product\/guitar-dem-hat-book-1\/#primaryimage"},"thumbnailUrl":"https:\/\/nlguitar.com\/wp-content\/uploads\/2026\/05\/guitar-dem-hat.webp","datePublished":"2026-05-04T04:01:56+00:00","dateModified":"2026-05-04T04:07:26+00:00","breadcrumb":{"@id":"https:\/\/nlguitar.com\/en\/product\/guitar-dem-hat-book-1\/#breadcrumb"},"inLanguage":"en-US","potentialAction":[{"@type":"ReadAction","target":["https:\/\/nlguitar.com\/en\/product\/guitar-dem-hat-book-1\/"]}]},{"@type":"ImageObject","inLanguage":"en-US","@id":"https:\/\/nlguitar.com\/en\/product\/guitar-dem-hat-book-1\/#primaryimage","url":"https:\/\/nlguitar.com\/wp-content\/uploads\/2026\/05\/guitar-dem-hat.webp","contentUrl":"https:\/\/nlguitar.com\/wp-content\/uploads\/2026\/05\/guitar-dem-hat.webp","width":707,"height":1000},{"@type":"BreadcrumbList","@id":"https:\/\/nlguitar.com\/en\/product\/guitar-dem-hat-book-1\/#breadcrumb","itemListElement":[{"@type":"ListItem","position":1,"name":"Home","item":"https:\/\/nlguitar.com\/"},{"@type":"ListItem","position":2,"name":"Shop","item":"https:\/\/nlguitar.com\/shop\/"},{"@type":"ListItem","position":3,"name":"Guitar \u0110\u1ec7m H\u00e1t &#8211; Book 1"}]},{"@type":"WebSite","@id":"https:\/\/nlguitar.com\/#website","url":"https:\/\/nlguitar.com\/","name":"NL Guitar","description":"Kh\u00f3a h\u1ecdc Guitar Online, Tabs &amp; S\u00e1ch Guitar Chuy\u00ean s\u00e2u","publisher":{"@id":"https:\/\/nlguitar.com\/#organization"},"potentialAction":[{"@type":"SearchAction","target":{"@type":"EntryPoint","urlTemplate":"https:\/\/nlguitar.com\/?s={search_term_string}"},"query-input":{"@type":"PropertyValueSpecification","valueRequired":true,"valueName":"search_term_string"}}],"inLanguage":"en-US"},{"@type":["Organization","Place"],"@id":"https:\/\/nlguitar.com\/#organization","name":"NL Guitar","alternateName":"NL Guitar Class","url":"https:\/\/nlguitar.com\/","logo":{"@id":"https:\/\/nlguitar.com\/en\/product\/guitar-dem-hat-book-1\/#local-main-organization-logo"},"image":{"@id":"https:\/\/nlguitar.com\/en\/product\/guitar-dem-hat-book-1\/#local-main-organization-logo"},"sameAs":["https:\/\/www.facebook.com\/nlguitarclass\/"],"description":"Chuy\u00ean cung c\u1ea5p c\u00e1c kho\u00e1 h\u1ecdc Guitar chuy\u00ean nghi\u1ec7p, Guitar Tabs, S\u00e1ch v\u00e0 Gi\u00e1o Tr\u00ecnh","telephone":[],"openingHoursSpecification":[{"@type":"OpeningHoursSpecification","dayOfWeek":["Monday","Tuesday","Wednesday","Thursday","Friday","Saturday","Sunday"],"opens":"09:00","closes":"17:00"}]},{"@type":"ImageObject","inLanguage":"en-US","@id":"https:\/\/nlguitar.com\/en\/product\/guitar-dem-hat-book-1\/#local-main-organization-logo","url":"https:\/\/nlguitar.com\/wp-content\/uploads\/2026\/04\/cropped-Logo-26-2.png","contentUrl":"https:\/\/nlguitar.com\/wp-content\/uploads\/2026\/04\/cropped-Logo-26-2.png","width":512,"height":512,"caption":"NL Guitar"}]}},"jetpack_sharing_enabled":true,"_links":{"self":[{"href":"https:\/\/nlguitar.com\/en\/wp-json\/wp\/v2\/product\/3110","targetHints":{"allow":["GET"]}}],"collection":[{"href":"https:\/\/nlguitar.com\/en\/wp-json\/wp\/v2\/product"}],"about":[{"href":"https:\/\/nlguitar.com\/en\/wp-json\/wp\/v2\/types\/product"}],"replies":[{"embeddable":true,"href":"https:\/\/nlguitar.com\/en\/wp-json\/wp\/v2\/comments?post=3110"}],"version-history":[{"count":0,"href":"https:\/\/nlguitar.com\/en\/wp-json\/wp\/v2\/product\/3110\/revisions"}],"wp:featuredmedia":[{"embeddable":true,"href":"https:\/\/nlguitar.com\/en\/wp-json\/wp\/v2\/media\/2852"}],"wp:attachment":[{"href":"https:\/\/nlguitar.com\/en\/wp-json\/wp\/v2\/media?parent=3110"}],"wp:term":[{"taxonomy":"product_brand","embeddable":true,"href":"https:\/\/nlguitar.com\/en\/wp-json\/wp\/v2\/product_brand?post=3110"},{"taxonomy":"product_cat","embeddable":true,"href":"https:\/\/nlguitar.com\/en\/wp-json\/wp\/v2\/product_cat?post=3110"},{"taxonomy":"product_tag","embeddable":true,"href":"https:\/\/nlguitar.com\/en\/wp-json\/wp\/v2\/product_tag?post=3110"}],"curies":[{"name":"wp","href":"https:\/\/api.w.org\/{rel}","templated":true}]}}