{"id":3109,"date":"2026-05-04T11:10:39","date_gmt":"2026-05-04T04:10:39","guid":{"rendered":"https:\/\/nlguitar.com\/?post_type=product&#038;p=2864"},"modified":"2026-05-04T11:11:50","modified_gmt":"2026-05-04T04:11:50","slug":"electric-guitar-method","status":"publish","type":"product","link":"https:\/\/nlguitar.com\/en\/product\/electric-guitar-method\/","title":{"rendered":"Electric Guitar Method"},"content":{"rendered":"<p>Cu\u1ed1n s\u00e1ch <b data-path-to-node=\"4\" data-index-in-node=\"10\">Electric Guitar Method<\/b> l\u00e0 gi\u00e1o tr\u00ecnh \u0111\u00e0o t\u1ea1o chuy\u00ean s\u00e2u d\u00e0nh cho nh\u1eefng ai mu\u1ed1n chinh ph\u1ee5c \u0111\u00e0n Guitar \u0111i\u1ec7n m\u1ed9t c\u00e1ch b\u00e0i b\u1ea3n. L\u1ed9 tr\u00ecnh h\u1ecdc \u0111\u01b0\u1ee3c chia l\u00e0m hai ph\u1ea7n r\u00f5 r\u1ec7t: Rhythm (C\u1ea3m \u00e2m v\u00e0 Ti\u1ebft t\u1ea5u) v\u00e0 Lead (K\u1ef9 thu\u1eadt di\u1ec5n t\u1ea5u solo). T\u1eeb vi\u1ec7c l\u00e0m ch\u1ee7 c\u00e1c \u0111i\u1ec7u Rock m\u1ea1nh m\u1ebd v\u1edbi Power Chord cho \u0111\u1ebfn c\u00e1c k\u1ef9 thu\u1eadt solo \u0111\u1ec9nh cao nh\u01b0 Sweep Picking hay Tapping, cu\u1ed1n s\u00e1ch cung c\u1ea5p \u0111\u1ea7y \u0111\u1ee7 c\u00f4ng c\u1ee5 \u0111\u1ec3 ng\u01b0\u1eddi h\u1ecdc t\u1ef1 tin bi\u1ec3u di\u1ec5n c\u00e1c b\u1ea3n hit kinh \u0111i\u1ec3n c\u1ee7a Scorpions, Eric Clapton hay Guns N&#8217; Roses.<\/p>","protected":false},"excerpt":{"rendered":"<p>Cu\u1ed1n s\u00e1ch Electric Guitar Method l\u00e0 gi\u00e1o tr\u00ecnh \u0111\u00e0o t\u1ea1o chuy\u00ean s\u00e2u d\u00e0nh cho nh\u1eefng ai mu\u1ed1n chinh ph\u1ee5c \u0111\u00e0n Guitar \u0111i\u1ec7n m\u1ed9t c\u00e1ch b\u00e0i b\u1ea3n. L\u1ed9 tr\u00ecnh h\u1ecdc \u0111\u01b0\u1ee3c chia l\u00e0m hai ph\u1ea7n r\u00f5 r\u1ec7t: Rhythm (C\u1ea3m \u00e2m v\u00e0 Ti\u1ebft t\u1ea5u) v\u00e0 Lead (K\u1ef9 thu\u1eadt di\u1ec5n t\u1ea5u solo). T\u1eeb vi\u1ec7c l\u00e0m ch\u1ee7 c\u00e1c \u0111i\u1ec7u [&hellip;]<\/p>\n","protected":false},"featured_media":2851,"comment_status":"open","ping_status":"closed","template":"","meta":[],"product_brand":[],"product_cat":[309],"product_tag":[],"class_list":{"0":"post-3109","1":"product","2":"type-product","3":"status-publish","4":"has-post-thumbnail","6":"product_cat-books","8":"first","9":"instock","10":"taxable","11":"shipping-taxable","12":"purchasable","13":"product-type-simple"},"ct_brands":[],"yoast_head":"<!-- This site is optimized with the Yoast SEO Premium plugin v27.5 (Yoast SEO v27.5) - https:\/\/yoast.com\/product\/yoast-seo-premium-wordpress\/ -->\n<title>Electric Guitar Method - NL Guitar<\/title>\n<meta name=\"robots\" content=\"index, follow, max-snippet:-1, max-image-preview:large, max-video-preview:-1\" \/>\n<link rel=\"canonical\" href=\"https:\/\/nlguitar.com\/en\/product\/electric-guitar-method\/\" \/>\n<meta property=\"og:locale\" content=\"en_US\" \/>\n<meta property=\"og:type\" content=\"article\" \/>\n<meta property=\"og:title\" content=\"Electric Guitar Method\" \/>\n<meta property=\"og:description\" content=\"Cu\u1ed1n s\u00e1ch Electric Guitar Method l\u00e0 gi\u00e1o tr\u00ecnh \u0111\u00e0o t\u1ea1o chuy\u00ean s\u00e2u d\u00e0nh cho nh\u1eefng ai mu\u1ed1n chinh ph\u1ee5c \u0111\u00e0n Guitar \u0111i\u1ec7n m\u1ed9t c\u00e1ch b\u00e0i b\u1ea3n. L\u1ed9 tr\u00ecnh h\u1ecdc \u0111\u01b0\u1ee3c chia l\u00e0m hai ph\u1ea7n r\u00f5 r\u1ec7t: Rhythm (C\u1ea3m \u00e2m v\u00e0 Ti\u1ebft t\u1ea5u) v\u00e0 Lead (K\u1ef9 thu\u1eadt di\u1ec5n t\u1ea5u solo). T\u1eeb vi\u1ec7c l\u00e0m ch\u1ee7 c\u00e1c \u0111i\u1ec7u [&hellip;]\" \/>\n<meta property=\"og:url\" content=\"https:\/\/nlguitar.com\/en\/product\/electric-guitar-method\/\" \/>\n<meta property=\"og:site_name\" content=\"NL Guitar\" \/>\n<meta property=\"article:publisher\" content=\"https:\/\/www.facebook.com\/nlguitarclass\/\" \/>\n<meta property=\"article:modified_time\" content=\"2026-05-04T04:11:50+00:00\" \/>\n<meta property=\"og:image\" content=\"https:\/\/nlguitar.com\/wp-content\/uploads\/2026\/05\/electric-guitar.png\" \/>\n\t<meta property=\"og:image:width\" content=\"707\" \/>\n\t<meta property=\"og:image:height\" content=\"1000\" \/>\n\t<meta property=\"og:image:type\" content=\"image\/png\" \/>\n<meta name=\"twitter:card\" content=\"summary_large_image\" \/>\n<meta name=\"twitter:label1\" content=\"Est. reading time\" \/>\n\t<meta name=\"twitter:data1\" content=\"1 minute\" \/>\n<script type=\"application\/ld+json\" class=\"yoast-schema-graph\">{\"@context\":\"https:\\\/\\\/schema.org\",\"@graph\":[{\"@type\":\"WebPage\",\"@id\":\"https:\\\/\\\/nlguitar.com\\\/en\\\/product\\\/electric-guitar-method\\\/\",\"url\":\"https:\\\/\\\/nlguitar.com\\\/en\\\/product\\\/electric-guitar-method\\\/\",\"name\":\"Electric Guitar Method - NL Guitar\",\"isPartOf\":{\"@id\":\"https:\\\/\\\/nlguitar.com\\\/#website\"},\"primaryImageOfPage\":{\"@id\":\"https:\\\/\\\/nlguitar.com\\\/en\\\/product\\\/electric-guitar-method\\\/#primaryimage\"},\"image\":{\"@id\":\"https:\\\/\\\/nlguitar.com\\\/en\\\/product\\\/electric-guitar-method\\\/#primaryimage\"},\"thumbnailUrl\":\"https:\\\/\\\/nlguitar.com\\\/wp-content\\\/uploads\\\/2026\\\/05\\\/electric-guitar.webp\",\"datePublished\":\"2026-05-04T04:10:39+00:00\",\"dateModified\":\"2026-05-04T04:11:50+00:00\",\"breadcrumb\":{\"@id\":\"https:\\\/\\\/nlguitar.com\\\/en\\\/product\\\/electric-guitar-method\\\/#breadcrumb\"},\"inLanguage\":\"en-US\",\"potentialAction\":[{\"@type\":\"ReadAction\",\"target\":[\"https:\\\/\\\/nlguitar.com\\\/en\\\/product\\\/electric-guitar-method\\\/\"]}]},{\"@type\":\"ImageObject\",\"inLanguage\":\"en-US\",\"@id\":\"https:\\\/\\\/nlguitar.com\\\/en\\\/product\\\/electric-guitar-method\\\/#primaryimage\",\"url\":\"https:\\\/\\\/nlguitar.com\\\/wp-content\\\/uploads\\\/2026\\\/05\\\/electric-guitar.webp\",\"contentUrl\":\"https:\\\/\\\/nlguitar.com\\\/wp-content\\\/uploads\\\/2026\\\/05\\\/electric-guitar.webp\",\"width\":707,\"height\":1000},{\"@type\":\"BreadcrumbList\",\"@id\":\"https:\\\/\\\/nlguitar.com\\\/en\\\/product\\\/electric-guitar-method\\\/#breadcrumb\",\"itemListElement\":[{\"@type\":\"ListItem\",\"position\":1,\"name\":\"Home\",\"item\":\"https:\\\/\\\/nlguitar.com\\\/\"},{\"@type\":\"ListItem\",\"position\":2,\"name\":\"Shop\",\"item\":\"https:\\\/\\\/nlguitar.com\\\/shop\\\/\"},{\"@type\":\"ListItem\",\"position\":3,\"name\":\"Electric Guitar Method\"}]},{\"@type\":\"WebSite\",\"@id\":\"https:\\\/\\\/nlguitar.com\\\/#website\",\"url\":\"https:\\\/\\\/nlguitar.com\\\/\",\"name\":\"NL Guitar\",\"description\":\"Kh\u00f3a h\u1ecdc Guitar Online, Tabs &amp; S\u00e1ch Guitar Chuy\u00ean s\u00e2u\",\"publisher\":{\"@id\":\"https:\\\/\\\/nlguitar.com\\\/#organization\"},\"potentialAction\":[{\"@type\":\"SearchAction\",\"target\":{\"@type\":\"EntryPoint\",\"urlTemplate\":\"https:\\\/\\\/nlguitar.com\\\/?s={search_term_string}\"},\"query-input\":{\"@type\":\"PropertyValueSpecification\",\"valueRequired\":true,\"valueName\":\"search_term_string\"}}],\"inLanguage\":\"en-US\"},{\"@type\":[\"Organization\",\"Place\"],\"@id\":\"https:\\\/\\\/nlguitar.com\\\/#organization\",\"name\":\"NL Guitar\",\"alternateName\":\"NL Guitar Class\",\"url\":\"https:\\\/\\\/nlguitar.com\\\/\",\"logo\":{\"@id\":\"https:\\\/\\\/nlguitar.com\\\/en\\\/product\\\/electric-guitar-method\\\/#local-main-organization-logo\"},\"image\":{\"@id\":\"https:\\\/\\\/nlguitar.com\\\/en\\\/product\\\/electric-guitar-method\\\/#local-main-organization-logo\"},\"sameAs\":[\"https:\\\/\\\/www.facebook.com\\\/nlguitarclass\\\/\"],\"description\":\"Chuy\u00ean cung c\u1ea5p c\u00e1c kho\u00e1 h\u1ecdc Guitar chuy\u00ean nghi\u1ec7p, Guitar Tabs, S\u00e1ch v\u00e0 Gi\u00e1o Tr\u00ecnh\",\"telephone\":[],\"openingHoursSpecification\":[{\"@type\":\"OpeningHoursSpecification\",\"dayOfWeek\":[\"Monday\",\"Tuesday\",\"Wednesday\",\"Thursday\",\"Friday\",\"Saturday\",\"Sunday\"],\"opens\":\"09:00\",\"closes\":\"17:00\"}]},{\"@type\":\"ImageObject\",\"inLanguage\":\"en-US\",\"@id\":\"https:\\\/\\\/nlguitar.com\\\/en\\\/product\\\/electric-guitar-method\\\/#local-main-organization-logo\",\"url\":\"https:\\\/\\\/nlguitar.com\\\/wp-content\\\/uploads\\\/2026\\\/04\\\/cropped-Logo-26-2.png\",\"contentUrl\":\"https:\\\/\\\/nlguitar.com\\\/wp-content\\\/uploads\\\/2026\\\/04\\\/cropped-Logo-26-2.png\",\"width\":512,\"height\":512,\"caption\":\"NL Guitar\"}]}<\/script>\n<!-- \/ Yoast SEO Premium plugin. -->","yoast_head_json":{"title":"Electric Guitar Method - NL Guitar","robots":{"index":"index","follow":"follow","max-snippet":"max-snippet:-1","max-image-preview":"max-image-preview:large","max-video-preview":"max-video-preview:-1"},"canonical":"https:\/\/nlguitar.com\/en\/product\/electric-guitar-method\/","og_locale":"en_US","og_type":"article","og_title":"Electric Guitar Method","og_description":"Cu\u1ed1n s\u00e1ch Electric Guitar Method l\u00e0 gi\u00e1o tr\u00ecnh \u0111\u00e0o t\u1ea1o chuy\u00ean s\u00e2u d\u00e0nh cho nh\u1eefng ai mu\u1ed1n chinh ph\u1ee5c \u0111\u00e0n Guitar \u0111i\u1ec7n m\u1ed9t c\u00e1ch b\u00e0i b\u1ea3n. L\u1ed9 tr\u00ecnh h\u1ecdc \u0111\u01b0\u1ee3c chia l\u00e0m hai ph\u1ea7n r\u00f5 r\u1ec7t: Rhythm (C\u1ea3m \u00e2m v\u00e0 Ti\u1ebft t\u1ea5u) v\u00e0 Lead (K\u1ef9 thu\u1eadt di\u1ec5n t\u1ea5u solo). T\u1eeb vi\u1ec7c l\u00e0m ch\u1ee7 c\u00e1c \u0111i\u1ec7u [&hellip;]","og_url":"https:\/\/nlguitar.com\/en\/product\/electric-guitar-method\/","og_site_name":"NL Guitar","article_publisher":"https:\/\/www.facebook.com\/nlguitarclass\/","article_modified_time":"2026-05-04T04:11:50+00:00","og_image":[{"width":707,"height":1000,"url":"https:\/\/nlguitar.com\/wp-content\/uploads\/2026\/05\/electric-guitar.png","type":"image\/png"}],"twitter_card":"summary_large_image","twitter_misc":{"Est. reading time":"1 minute"},"schema":{"@context":"https:\/\/schema.org","@graph":[{"@type":"WebPage","@id":"https:\/\/nlguitar.com\/en\/product\/electric-guitar-method\/","url":"https:\/\/nlguitar.com\/en\/product\/electric-guitar-method\/","name":"Electric Guitar Method - NL Guitar","isPartOf":{"@id":"https:\/\/nlguitar.com\/#website"},"primaryImageOfPage":{"@id":"https:\/\/nlguitar.com\/en\/product\/electric-guitar-method\/#primaryimage"},"image":{"@id":"https:\/\/nlguitar.com\/en\/product\/electric-guitar-method\/#primaryimage"},"thumbnailUrl":"https:\/\/nlguitar.com\/wp-content\/uploads\/2026\/05\/electric-guitar.webp","datePublished":"2026-05-04T04:10:39+00:00","dateModified":"2026-05-04T04:11:50+00:00","breadcrumb":{"@id":"https:\/\/nlguitar.com\/en\/product\/electric-guitar-method\/#breadcrumb"},"inLanguage":"en-US","potentialAction":[{"@type":"ReadAction","target":["https:\/\/nlguitar.com\/en\/product\/electric-guitar-method\/"]}]},{"@type":"ImageObject","inLanguage":"en-US","@id":"https:\/\/nlguitar.com\/en\/product\/electric-guitar-method\/#primaryimage","url":"https:\/\/nlguitar.com\/wp-content\/uploads\/2026\/05\/electric-guitar.webp","contentUrl":"https:\/\/nlguitar.com\/wp-content\/uploads\/2026\/05\/electric-guitar.webp","width":707,"height":1000},{"@type":"BreadcrumbList","@id":"https:\/\/nlguitar.com\/en\/product\/electric-guitar-method\/#breadcrumb","itemListElement":[{"@type":"ListItem","position":1,"name":"Home","item":"https:\/\/nlguitar.com\/"},{"@type":"ListItem","position":2,"name":"Shop","item":"https:\/\/nlguitar.com\/shop\/"},{"@type":"ListItem","position":3,"name":"Electric Guitar Method"}]},{"@type":"WebSite","@id":"https:\/\/nlguitar.com\/#website","url":"https:\/\/nlguitar.com\/","name":"NL Guitar","description":"Kh\u00f3a h\u1ecdc Guitar Online, Tabs &amp; S\u00e1ch Guitar Chuy\u00ean s\u00e2u","publisher":{"@id":"https:\/\/nlguitar.com\/#organization"},"potentialAction":[{"@type":"SearchAction","target":{"@type":"EntryPoint","urlTemplate":"https:\/\/nlguitar.com\/?s={search_term_string}"},"query-input":{"@type":"PropertyValueSpecification","valueRequired":true,"valueName":"search_term_string"}}],"inLanguage":"en-US"},{"@type":["Organization","Place"],"@id":"https:\/\/nlguitar.com\/#organization","name":"NL Guitar","alternateName":"NL Guitar Class","url":"https:\/\/nlguitar.com\/","logo":{"@id":"https:\/\/nlguitar.com\/en\/product\/electric-guitar-method\/#local-main-organization-logo"},"image":{"@id":"https:\/\/nlguitar.com\/en\/product\/electric-guitar-method\/#local-main-organization-logo"},"sameAs":["https:\/\/www.facebook.com\/nlguitarclass\/"],"description":"Chuy\u00ean cung c\u1ea5p c\u00e1c kho\u00e1 h\u1ecdc Guitar chuy\u00ean nghi\u1ec7p, Guitar Tabs, S\u00e1ch v\u00e0 Gi\u00e1o Tr\u00ecnh","telephone":[],"openingHoursSpecification":[{"@type":"OpeningHoursSpecification","dayOfWeek":["Monday","Tuesday","Wednesday","Thursday","Friday","Saturday","Sunday"],"opens":"09:00","closes":"17:00"}]},{"@type":"ImageObject","inLanguage":"en-US","@id":"https:\/\/nlguitar.com\/en\/product\/electric-guitar-method\/#local-main-organization-logo","url":"https:\/\/nlguitar.com\/wp-content\/uploads\/2026\/04\/cropped-Logo-26-2.png","contentUrl":"https:\/\/nlguitar.com\/wp-content\/uploads\/2026\/04\/cropped-Logo-26-2.png","width":512,"height":512,"caption":"NL Guitar"}]}},"jetpack_sharing_enabled":true,"_links":{"self":[{"href":"https:\/\/nlguitar.com\/en\/wp-json\/wp\/v2\/product\/3109","targetHints":{"allow":["GET"]}}],"collection":[{"href":"https:\/\/nlguitar.com\/en\/wp-json\/wp\/v2\/product"}],"about":[{"href":"https:\/\/nlguitar.com\/en\/wp-json\/wp\/v2\/types\/product"}],"replies":[{"embeddable":true,"href":"https:\/\/nlguitar.com\/en\/wp-json\/wp\/v2\/comments?post=3109"}],"version-history":[{"count":0,"href":"https:\/\/nlguitar.com\/en\/wp-json\/wp\/v2\/product\/3109\/revisions"}],"wp:featuredmedia":[{"embeddable":true,"href":"https:\/\/nlguitar.com\/en\/wp-json\/wp\/v2\/media\/2851"}],"wp:attachment":[{"href":"https:\/\/nlguitar.com\/en\/wp-json\/wp\/v2\/media?parent=3109"}],"wp:term":[{"taxonomy":"product_brand","embeddable":true,"href":"https:\/\/nlguitar.com\/en\/wp-json\/wp\/v2\/product_brand?post=3109"},{"taxonomy":"product_cat","embeddable":true,"href":"https:\/\/nlguitar.com\/en\/wp-json\/wp\/v2\/product_cat?post=3109"},{"taxonomy":"product_tag","embeddable":true,"href":"https:\/\/nlguitar.com\/en\/wp-json\/wp\/v2\/product_tag?post=3109"}],"curies":[{"name":"wp","href":"https:\/\/api.w.org\/{rel}","templated":true}]}}