{"id":2234,"date":"2026-04-27T11:41:06","date_gmt":"2026-04-27T04:41:06","guid":{"rendered":"https:\/\/nlguitar.com\/?post_type=product&#038;p=2234"},"modified":"2026-04-29T13:07:10","modified_gmt":"2026-04-29T06:07:10","slug":"la-anh-pham-lich","status":"publish","type":"product","link":"https:\/\/nlguitar.com\/en\/product\/la-anh-pham-lich\/","title":{"rendered":"L\u00e0 Anh &#8211; Ph\u1ea1m L\u1ecbch"},"content":{"rendered":"","protected":false},"excerpt":{"rendered":"","protected":false},"featured_media":2273,"comment_status":"open","ping_status":"closed","template":"","meta":[],"product_brand":[],"product_cat":[152,77,100],"product_tag":[139,96],"class_list":{"0":"post-2234","1":"product","2":"type-product","3":"status-publish","4":"has-post-thumbnail","6":"product_cat-acoustic","7":"product_cat-tabs","8":"product_cat-v-pop","9":"product_tag-pham-lich","10":"product_tag-v-pop","12":"first","13":"instock","14":"downloadable","15":"virtual","16":"taxable","17":"purchasable","18":"product-type-simple"},"ct_brands":[],"yoast_head":"<!-- This site is optimized with the Yoast SEO Premium plugin v27.5 (Yoast SEO v27.5) - https:\/\/yoast.com\/product\/yoast-seo-premium-wordpress\/ -->\n<title>L\u00e0 Anh - Ph\u1ea1m L\u1ecbch - NL Guitar<\/title>\n<meta name=\"robots\" content=\"index, follow, max-snippet:-1, max-image-preview:large, max-video-preview:-1\" \/>\n<link rel=\"canonical\" href=\"https:\/\/nlguitar.com\/en\/product\/la-anh-pham-lich\/\" \/>\n<meta property=\"og:locale\" content=\"en_US\" \/>\n<meta property=\"og:type\" content=\"article\" \/>\n<meta property=\"og:title\" content=\"L\u00e0 Anh - Ph\u1ea1m L\u1ecbch\" \/>\n<meta property=\"og:url\" content=\"https:\/\/nlguitar.com\/en\/product\/la-anh-pham-lich\/\" \/>\n<meta property=\"og:site_name\" content=\"NL Guitar\" \/>\n<meta property=\"article:publisher\" content=\"https:\/\/www.facebook.com\/nlguitarclass\/\" \/>\n<meta property=\"article:modified_time\" content=\"2026-04-29T06:07:10+00:00\" \/>\n<meta property=\"og:image\" content=\"https:\/\/nlguitar.com\/wp-content\/uploads\/2026\/04\/la-anh-pham-lich-1-scaled-1.png\" \/>\n\t<meta property=\"og:image:width\" content=\"1811\" \/>\n\t<meta property=\"og:image:height\" content=\"2560\" \/>\n\t<meta property=\"og:image:type\" content=\"image\/png\" \/>\n<meta name=\"twitter:card\" content=\"summary_large_image\" \/>\n<meta name=\"twitter:label1\" content=\"Est. reading time\" \/>\n\t<meta name=\"twitter:data1\" content=\"1 minute\" \/>\n<script type=\"application\/ld+json\" class=\"yoast-schema-graph\">{\"@context\":\"https:\\\/\\\/schema.org\",\"@graph\":[{\"@type\":\"WebPage\",\"@id\":\"https:\\\/\\\/nlguitar.com\\\/product\\\/la-anh-pham-lich\\\/\",\"url\":\"https:\\\/\\\/nlguitar.com\\\/product\\\/la-anh-pham-lich\\\/\",\"name\":\"L\u00e0 Anh - Ph\u1ea1m L\u1ecbch - NL Guitar\",\"isPartOf\":{\"@id\":\"https:\\\/\\\/nlguitar.com\\\/#website\"},\"primaryImageOfPage\":{\"@id\":\"https:\\\/\\\/nlguitar.com\\\/product\\\/la-anh-pham-lich\\\/#primaryimage\"},\"image\":{\"@id\":\"https:\\\/\\\/nlguitar.com\\\/product\\\/la-anh-pham-lich\\\/#primaryimage\"},\"thumbnailUrl\":\"https:\\\/\\\/nlguitar.com\\\/wp-content\\\/uploads\\\/2026\\\/04\\\/la-anh-pham-lich-1-scaled-1.png\",\"datePublished\":\"2026-04-27T04:41:06+00:00\",\"dateModified\":\"2026-04-29T06:07:10+00:00\",\"breadcrumb\":{\"@id\":\"https:\\\/\\\/nlguitar.com\\\/product\\\/la-anh-pham-lich\\\/#breadcrumb\"},\"inLanguage\":\"en-US\",\"potentialAction\":[{\"@type\":\"ReadAction\",\"target\":[\"https:\\\/\\\/nlguitar.com\\\/product\\\/la-anh-pham-lich\\\/\"]}]},{\"@type\":\"ImageObject\",\"inLanguage\":\"en-US\",\"@id\":\"https:\\\/\\\/nlguitar.com\\\/product\\\/la-anh-pham-lich\\\/#primaryimage\",\"url\":\"https:\\\/\\\/nlguitar.com\\\/wp-content\\\/uploads\\\/2026\\\/04\\\/la-anh-pham-lich-1-scaled-1.png\",\"contentUrl\":\"https:\\\/\\\/nlguitar.com\\\/wp-content\\\/uploads\\\/2026\\\/04\\\/la-anh-pham-lich-1-scaled-1.png\",\"width\":1811,\"height\":2560},{\"@type\":\"BreadcrumbList\",\"@id\":\"https:\\\/\\\/nlguitar.com\\\/product\\\/la-anh-pham-lich\\\/#breadcrumb\",\"itemListElement\":[{\"@type\":\"ListItem\",\"position\":1,\"name\":\"Home\",\"item\":\"https:\\\/\\\/nlguitar.com\\\/\"},{\"@type\":\"ListItem\",\"position\":2,\"name\":\"Shop\",\"item\":\"https:\\\/\\\/nlguitar.com\\\/shop\\\/\"},{\"@type\":\"ListItem\",\"position\":3,\"name\":\"L\u00e0 Anh &#8211; Ph\u1ea1m L\u1ecbch\"}]},{\"@type\":\"WebSite\",\"@id\":\"https:\\\/\\\/nlguitar.com\\\/#website\",\"url\":\"https:\\\/\\\/nlguitar.com\\\/\",\"name\":\"NL Guitar\",\"description\":\"Kh\u00f3a h\u1ecdc Guitar Online, Tabs &amp; S\u00e1ch Guitar Chuy\u00ean s\u00e2u\",\"publisher\":{\"@id\":\"https:\\\/\\\/nlguitar.com\\\/#organization\"},\"potentialAction\":[{\"@type\":\"SearchAction\",\"target\":{\"@type\":\"EntryPoint\",\"urlTemplate\":\"https:\\\/\\\/nlguitar.com\\\/?s={search_term_string}\"},\"query-input\":{\"@type\":\"PropertyValueSpecification\",\"valueRequired\":true,\"valueName\":\"search_term_string\"}}],\"inLanguage\":\"en-US\"},{\"@type\":[\"Organization\",\"Place\"],\"@id\":\"https:\\\/\\\/nlguitar.com\\\/#organization\",\"name\":\"NL Guitar\",\"alternateName\":\"NL Guitar Class\",\"url\":\"https:\\\/\\\/nlguitar.com\\\/\",\"logo\":{\"@id\":\"https:\\\/\\\/nlguitar.com\\\/product\\\/la-anh-pham-lich\\\/#local-main-organization-logo\"},\"image\":{\"@id\":\"https:\\\/\\\/nlguitar.com\\\/product\\\/la-anh-pham-lich\\\/#local-main-organization-logo\"},\"sameAs\":[\"https:\\\/\\\/www.facebook.com\\\/nlguitarclass\\\/\"],\"description\":\"Chuy\u00ean cung c\u1ea5p c\u00e1c kho\u00e1 h\u1ecdc Guitar chuy\u00ean nghi\u1ec7p, Guitar Tabs, S\u00e1ch v\u00e0 Gi\u00e1o Tr\u00ecnh\",\"telephone\":[],\"openingHoursSpecification\":[{\"@type\":\"OpeningHoursSpecification\",\"dayOfWeek\":[\"Monday\",\"Tuesday\",\"Wednesday\",\"Thursday\",\"Friday\",\"Saturday\",\"Sunday\"],\"opens\":\"09:00\",\"closes\":\"17:00\"}]},{\"@type\":\"ImageObject\",\"inLanguage\":\"en-US\",\"@id\":\"https:\\\/\\\/nlguitar.com\\\/product\\\/la-anh-pham-lich\\\/#local-main-organization-logo\",\"url\":\"https:\\\/\\\/nlguitar.com\\\/wp-content\\\/uploads\\\/2026\\\/04\\\/cropped-Logo-26-2.png\",\"contentUrl\":\"https:\\\/\\\/nlguitar.com\\\/wp-content\\\/uploads\\\/2026\\\/04\\\/cropped-Logo-26-2.png\",\"width\":512,\"height\":512,\"caption\":\"NL Guitar\"}]}<\/script>\n<!-- \/ Yoast SEO Premium plugin. -->","yoast_head_json":{"title":"L\u00e0 Anh - Ph\u1ea1m L\u1ecbch - NL Guitar","robots":{"index":"index","follow":"follow","max-snippet":"max-snippet:-1","max-image-preview":"max-image-preview:large","max-video-preview":"max-video-preview:-1"},"canonical":"https:\/\/nlguitar.com\/en\/product\/la-anh-pham-lich\/","og_locale":"en_US","og_type":"article","og_title":"L\u00e0 Anh - Ph\u1ea1m L\u1ecbch","og_url":"https:\/\/nlguitar.com\/en\/product\/la-anh-pham-lich\/","og_site_name":"NL Guitar","article_publisher":"https:\/\/www.facebook.com\/nlguitarclass\/","article_modified_time":"2026-04-29T06:07:10+00:00","og_image":[{"width":1811,"height":2560,"url":"https:\/\/nlguitar.com\/wp-content\/uploads\/2026\/04\/la-anh-pham-lich-1-scaled-1.png","type":"image\/png"}],"twitter_card":"summary_large_image","twitter_misc":{"Est. reading time":"1 minute"},"schema":{"@context":"https:\/\/schema.org","@graph":[{"@type":"WebPage","@id":"https:\/\/nlguitar.com\/product\/la-anh-pham-lich\/","url":"https:\/\/nlguitar.com\/product\/la-anh-pham-lich\/","name":"L\u00e0 Anh - Ph\u1ea1m L\u1ecbch - NL Guitar","isPartOf":{"@id":"https:\/\/nlguitar.com\/#website"},"primaryImageOfPage":{"@id":"https:\/\/nlguitar.com\/product\/la-anh-pham-lich\/#primaryimage"},"image":{"@id":"https:\/\/nlguitar.com\/product\/la-anh-pham-lich\/#primaryimage"},"thumbnailUrl":"https:\/\/nlguitar.com\/wp-content\/uploads\/2026\/04\/la-anh-pham-lich-1-scaled-1.png","datePublished":"2026-04-27T04:41:06+00:00","dateModified":"2026-04-29T06:07:10+00:00","breadcrumb":{"@id":"https:\/\/nlguitar.com\/product\/la-anh-pham-lich\/#breadcrumb"},"inLanguage":"en-US","potentialAction":[{"@type":"ReadAction","target":["https:\/\/nlguitar.com\/product\/la-anh-pham-lich\/"]}]},{"@type":"ImageObject","inLanguage":"en-US","@id":"https:\/\/nlguitar.com\/product\/la-anh-pham-lich\/#primaryimage","url":"https:\/\/nlguitar.com\/wp-content\/uploads\/2026\/04\/la-anh-pham-lich-1-scaled-1.png","contentUrl":"https:\/\/nlguitar.com\/wp-content\/uploads\/2026\/04\/la-anh-pham-lich-1-scaled-1.png","width":1811,"height":2560},{"@type":"BreadcrumbList","@id":"https:\/\/nlguitar.com\/product\/la-anh-pham-lich\/#breadcrumb","itemListElement":[{"@type":"ListItem","position":1,"name":"Home","item":"https:\/\/nlguitar.com\/"},{"@type":"ListItem","position":2,"name":"Shop","item":"https:\/\/nlguitar.com\/shop\/"},{"@type":"ListItem","position":3,"name":"L\u00e0 Anh &#8211; Ph\u1ea1m L\u1ecbch"}]},{"@type":"WebSite","@id":"https:\/\/nlguitar.com\/#website","url":"https:\/\/nlguitar.com\/","name":"NL Guitar","description":"Kh\u00f3a h\u1ecdc Guitar Online, Tabs &amp; S\u00e1ch Guitar Chuy\u00ean s\u00e2u","publisher":{"@id":"https:\/\/nlguitar.com\/#organization"},"potentialAction":[{"@type":"SearchAction","target":{"@type":"EntryPoint","urlTemplate":"https:\/\/nlguitar.com\/?s={search_term_string}"},"query-input":{"@type":"PropertyValueSpecification","valueRequired":true,"valueName":"search_term_string"}}],"inLanguage":"en-US"},{"@type":["Organization","Place"],"@id":"https:\/\/nlguitar.com\/#organization","name":"NL Guitar","alternateName":"NL Guitar Class","url":"https:\/\/nlguitar.com\/","logo":{"@id":"https:\/\/nlguitar.com\/product\/la-anh-pham-lich\/#local-main-organization-logo"},"image":{"@id":"https:\/\/nlguitar.com\/product\/la-anh-pham-lich\/#local-main-organization-logo"},"sameAs":["https:\/\/www.facebook.com\/nlguitarclass\/"],"description":"Chuy\u00ean cung c\u1ea5p c\u00e1c kho\u00e1 h\u1ecdc Guitar chuy\u00ean nghi\u1ec7p, Guitar Tabs, S\u00e1ch v\u00e0 Gi\u00e1o Tr\u00ecnh","telephone":[],"openingHoursSpecification":[{"@type":"OpeningHoursSpecification","dayOfWeek":["Monday","Tuesday","Wednesday","Thursday","Friday","Saturday","Sunday"],"opens":"09:00","closes":"17:00"}]},{"@type":"ImageObject","inLanguage":"en-US","@id":"https:\/\/nlguitar.com\/product\/la-anh-pham-lich\/#local-main-organization-logo","url":"https:\/\/nlguitar.com\/wp-content\/uploads\/2026\/04\/cropped-Logo-26-2.png","contentUrl":"https:\/\/nlguitar.com\/wp-content\/uploads\/2026\/04\/cropped-Logo-26-2.png","width":512,"height":512,"caption":"NL Guitar"}]}},"jetpack_sharing_enabled":true,"_links":{"self":[{"href":"https:\/\/nlguitar.com\/en\/wp-json\/wp\/v2\/product\/2234","targetHints":{"allow":["GET"]}}],"collection":[{"href":"https:\/\/nlguitar.com\/en\/wp-json\/wp\/v2\/product"}],"about":[{"href":"https:\/\/nlguitar.com\/en\/wp-json\/wp\/v2\/types\/product"}],"replies":[{"embeddable":true,"href":"https:\/\/nlguitar.com\/en\/wp-json\/wp\/v2\/comments?post=2234"}],"version-history":[{"count":0,"href":"https:\/\/nlguitar.com\/en\/wp-json\/wp\/v2\/product\/2234\/revisions"}],"wp:featuredmedia":[{"embeddable":true,"href":"https:\/\/nlguitar.com\/en\/wp-json\/wp\/v2\/media\/2273"}],"wp:attachment":[{"href":"https:\/\/nlguitar.com\/en\/wp-json\/wp\/v2\/media?parent=2234"}],"wp:term":[{"taxonomy":"product_brand","embeddable":true,"href":"https:\/\/nlguitar.com\/en\/wp-json\/wp\/v2\/product_brand?post=2234"},{"taxonomy":"product_cat","embeddable":true,"href":"https:\/\/nlguitar.com\/en\/wp-json\/wp\/v2\/product_cat?post=2234"},{"taxonomy":"product_tag","embeddable":true,"href":"https:\/\/nlguitar.com\/en\/wp-json\/wp\/v2\/product_tag?post=2234"}],"curies":[{"name":"wp","href":"https:\/\/api.w.org\/{rel}","templated":true}]}}