{"id":2651,"date":"2026-05-02T12:52:57","date_gmt":"2026-05-02T05:52:57","guid":{"rendered":"https:\/\/nlguitar.com\/account\/"},"modified":"2026-05-02T14:30:54","modified_gmt":"2026-05-02T07:30:54","slug":"dashboard","status":"publish","type":"page","link":"https:\/\/nlguitar.com\/en\/dashboard\/","title":{"rendered":"Dashboard"},"content":{"rendered":"<div class=\"masteriyo-login-form-wrapper\">\n\t<section class=\"masteriyo-login\">\n\t\t<div class=\"masteriyo-login--wrapper\">\n\t\t\t<h3 class=\"masteriyo-title\">Sign In<\/h3>\n\n\t\t\t\n\t\t\t<form id=\"masteriyo-login--form\" class=\"masteriyo-login--form\" method=\"post\" action=\"\">\n\t\t\t\t<input type=\"hidden\" name=\"action\" value=\"masteriyo_login\">\n\t\t\t\t<input type=\"hidden\" name=\"redirect_to\" value=\"https:\/\/nlguitar.com\/en\/wp-json\/wp\/v2\/pages\/2651\">\n\n\t\t\t\t<input type=\"hidden\" id=\"_wpnonce\" name=\"_wpnonce\" value=\"a110f17453\" \/><input type=\"hidden\" name=\"_wp_http_referer\" value=\"\/en\/wp-json\/wp\/v2\/pages\/2651\" \/>\n\t\t\t\t<div class=\"masteriyo-username\">\n\t\t\t\t\t<label for=\"username-email-address\" class=\"masteriyo-label\">Username or Email<\/label>\n\t\t\t\t\t<input id=\"username-email-address\" name=\"username\" type=\"text\" required class=\"masteriyo-input\" placeholder=\"\">\n\t\t\t\t<\/div>\n\n\t\t\t\t<div class=\"masteriyo-password\">\n\t\t\t\t\t<label for=\"password\" class=\"masteriyo-label\">Password<\/label>\n\t\t\t\t\t<input id=\"password\" class=\"masteriyo-input\" name=\"password\" type=\"password\" autocomplete=\"current-password\" required placeholder=\"\">\n\t\t\t\t<\/div>\n\n\t\t\t\t<div class=\"masteriyo-remember-forgot\">\n\t\t\t\t\t<div class=\"masteriyo-remember-me\">\n\t\t\t\t\t\t<input id=\"remember_me\" name=\"remember_me\" type=\"checkbox\">\n\t\t\t\t\t\t<label for=\"remember_me\">\n\t\t\t\t\t\t\tRemember me\t\t\t\t\t\t<\/label>\n\t\t\t\t\t<\/div>\n\n\t\t\t\t\t<div class=\"masteriyo-forgot-password\">\n\t\t\t\t\t\t<a href=\"https:\/\/nlguitar.com\/en\/dashboard\/reset-password\/\" class=\"masteriyo-link-primary\">\n\t\t\t\t\t\t\tForgot your password?\t\t\t\t\t\t<\/a>\n\t\t\t\t\t<\/div>\n\t\t\t\t<\/div>\n\n\t\t\t\t<div id=\"masteriyo-recaptcha\"><\/div>\n\t\t\t\t<div class=\"masteriyo-btn-wrapper\">\n\t\t\t\t\t<button type=\"submit\" class=\"masteriyo-btn masteriyo-btn-primary masteriyo-login-btn\">\n\t\t\t\t\t\tSign in\t\t\t\t\t<\/button>\n\t\t\t\t<\/div>\n\t\t\t\t\t\n\t\t\t\t\t\t<div id=\"masteriyo-login-error-msg\" class=\"masteriyo-hidden masteriyo-notify-message masteriyo-alert masteriyo-danger-msg\"><\/div>\n\t\t\t<input type=\"hidden\" name=\"trp-form-language\" value=\"en\"\/><\/form>\n\t\t\t\n\t\t\t<div id=\"masteriyo-session-limit-warning\" class=\"masteriyo-hidden masteriyo-danger-msg masteriyo-alert\">\n\t\t\tSession limit exceeded. <span id=\"clear-sessions-link\" style=\"cursor:pointer; font-weight:500; color:#356bb3\" >Click here<\/span> to clear sessions.\t\t\t<\/div>\n\n\t\t\t<div id=\"masteriyo-session-limit-clear\" class=\"masteriyo-hidden masteriyo-success-msg masteriyo-alert\">\n\t\t\tYour login session is cleared.\t\t\t<\/div>\n\n\t\t<\/div>\n\t<\/section>\n\n\t\t\t<section class=\"masteriyo-signup\">\n\t\t\t\t\t\t<h3 class=\"masteriyo-title\">Register<\/h3>\n\t\t\t<span>Don&#039;t have an account?<\/span>\n\t\t\t<a\n\t\t\t\thref=\"https:\/\/nlguitar.com\/en\/dashboard\/signup\/?redirect_to=https:\/\/nlguitar.com\/en\/wp-json\/wp\/v2\/pages\/2651\"\n\t\t\t\tclass=\"masteriyo-btn masteriyo-btn-primary\"\n\t\t\t>\n\t\t\t\tRegister as Student\t\t\t<\/a>\n\t\t<\/section>\n\t<\/div>","protected":false},"excerpt":{"rendered":"","protected":false},"author":1,"featured_media":0,"parent":0,"menu_order":0,"comment_status":"closed","ping_status":"closed","template":"","meta":{"footnotes":""},"class_list":["post-2651","page","type-page","status-publish","hentry"],"blocksy_meta":[],"yoast_head":"<!-- This site is optimized with the Yoast SEO Premium plugin v27.5 (Yoast SEO v27.5) - https:\/\/yoast.com\/product\/yoast-seo-premium-wordpress\/ -->\n<title>Dashboard - NL Guitar<\/title>\n<meta name=\"robots\" content=\"index, follow, max-snippet:-1, max-image-preview:large, max-video-preview:-1\" \/>\n<link rel=\"canonical\" href=\"https:\/\/nlguitar.com\/en\/dashboard\/\" \/>\n<meta property=\"og:locale\" content=\"en_US\" \/>\n<meta property=\"og:type\" content=\"article\" \/>\n<meta property=\"og:title\" content=\"Dashboard\" \/>\n<meta property=\"og:url\" content=\"https:\/\/nlguitar.com\/en\/dashboard\/\" \/>\n<meta property=\"og:site_name\" content=\"NL Guitar\" \/>\n<meta property=\"article:publisher\" content=\"https:\/\/www.facebook.com\/nlguitarclass\/\" \/>\n<meta property=\"article:modified_time\" content=\"2026-05-02T07:30:54+00:00\" \/>\n<meta name=\"twitter:card\" content=\"summary_large_image\" \/>\n<script type=\"application\/ld+json\" class=\"yoast-schema-graph\">{\"@context\":\"https:\\\/\\\/schema.org\",\"@graph\":[{\"@type\":\"WebPage\",\"@id\":\"https:\\\/\\\/nlguitar.com\\\/dashboard\\\/\",\"url\":\"https:\\\/\\\/nlguitar.com\\\/dashboard\\\/\",\"name\":\"Dashboard - NL Guitar\",\"isPartOf\":{\"@id\":\"https:\\\/\\\/nlguitar.com\\\/#website\"},\"datePublished\":\"2026-05-02T05:52:57+00:00\",\"dateModified\":\"2026-05-02T07:30:54+00:00\",\"breadcrumb\":{\"@id\":\"https:\\\/\\\/nlguitar.com\\\/dashboard\\\/#breadcrumb\"},\"inLanguage\":\"en-US\",\"potentialAction\":[{\"@type\":\"ReadAction\",\"target\":[\"https:\\\/\\\/nlguitar.com\\\/dashboard\\\/\"]}]},{\"@type\":\"BreadcrumbList\",\"@id\":\"https:\\\/\\\/nlguitar.com\\\/dashboard\\\/#breadcrumb\",\"itemListElement\":[{\"@type\":\"ListItem\",\"position\":1,\"name\":\"Home\",\"item\":\"https:\\\/\\\/nlguitar.com\\\/\"},{\"@type\":\"ListItem\",\"position\":2,\"name\":\"Dashboard\"}]},{\"@type\":\"WebSite\",\"@id\":\"https:\\\/\\\/nlguitar.com\\\/#website\",\"url\":\"https:\\\/\\\/nlguitar.com\\\/\",\"name\":\"NL Guitar\",\"description\":\"Kh\u00f3a h\u1ecdc Guitar Online, Tabs &amp; S\u00e1ch Guitar Chuy\u00ean s\u00e2u\",\"publisher\":{\"@id\":\"https:\\\/\\\/nlguitar.com\\\/#organization\"},\"potentialAction\":[{\"@type\":\"SearchAction\",\"target\":{\"@type\":\"EntryPoint\",\"urlTemplate\":\"https:\\\/\\\/nlguitar.com\\\/?s={search_term_string}\"},\"query-input\":{\"@type\":\"PropertyValueSpecification\",\"valueRequired\":true,\"valueName\":\"search_term_string\"}}],\"inLanguage\":\"en-US\"},{\"@type\":[\"Organization\",\"Place\"],\"@id\":\"https:\\\/\\\/nlguitar.com\\\/#organization\",\"name\":\"NL Guitar\",\"alternateName\":\"NL Guitar Class\",\"url\":\"https:\\\/\\\/nlguitar.com\\\/\",\"logo\":{\"@id\":\"https:\\\/\\\/nlguitar.com\\\/dashboard\\\/#local-main-organization-logo\"},\"image\":{\"@id\":\"https:\\\/\\\/nlguitar.com\\\/dashboard\\\/#local-main-organization-logo\"},\"sameAs\":[\"https:\\\/\\\/www.facebook.com\\\/nlguitarclass\\\/\"],\"description\":\"Chuy\u00ean cung c\u1ea5p c\u00e1c kho\u00e1 h\u1ecdc Guitar chuy\u00ean nghi\u1ec7p, Guitar Tabs, S\u00e1ch v\u00e0 Gi\u00e1o Tr\u00ecnh\",\"telephone\":[],\"openingHoursSpecification\":[{\"@type\":\"OpeningHoursSpecification\",\"dayOfWeek\":[\"Monday\",\"Tuesday\",\"Wednesday\",\"Thursday\",\"Friday\",\"Saturday\",\"Sunday\"],\"opens\":\"09:00\",\"closes\":\"17:00\"}]},{\"@type\":\"ImageObject\",\"inLanguage\":\"en-US\",\"@id\":\"https:\\\/\\\/nlguitar.com\\\/dashboard\\\/#local-main-organization-logo\",\"url\":\"https:\\\/\\\/nlguitar.com\\\/wp-content\\\/uploads\\\/2026\\\/04\\\/cropped-Logo-26-2.png\",\"contentUrl\":\"https:\\\/\\\/nlguitar.com\\\/wp-content\\\/uploads\\\/2026\\\/04\\\/cropped-Logo-26-2.png\",\"width\":512,\"height\":512,\"caption\":\"NL Guitar\"}]}<\/script>\n<!-- \/ Yoast SEO Premium plugin. -->","yoast_head_json":{"title":"Dashboard - NL Guitar","robots":{"index":"index","follow":"follow","max-snippet":"max-snippet:-1","max-image-preview":"max-image-preview:large","max-video-preview":"max-video-preview:-1"},"canonical":"https:\/\/nlguitar.com\/en\/dashboard\/","og_locale":"en_US","og_type":"article","og_title":"Dashboard","og_url":"https:\/\/nlguitar.com\/en\/dashboard\/","og_site_name":"NL Guitar","article_publisher":"https:\/\/www.facebook.com\/nlguitarclass\/","article_modified_time":"2026-05-02T07:30:54+00:00","twitter_card":"summary_large_image","schema":{"@context":"https:\/\/schema.org","@graph":[{"@type":"WebPage","@id":"https:\/\/nlguitar.com\/dashboard\/","url":"https:\/\/nlguitar.com\/dashboard\/","name":"Dashboard - NL Guitar","isPartOf":{"@id":"https:\/\/nlguitar.com\/#website"},"datePublished":"2026-05-02T05:52:57+00:00","dateModified":"2026-05-02T07:30:54+00:00","breadcrumb":{"@id":"https:\/\/nlguitar.com\/dashboard\/#breadcrumb"},"inLanguage":"en-US","potentialAction":[{"@type":"ReadAction","target":["https:\/\/nlguitar.com\/dashboard\/"]}]},{"@type":"BreadcrumbList","@id":"https:\/\/nlguitar.com\/dashboard\/#breadcrumb","itemListElement":[{"@type":"ListItem","position":1,"name":"Home","item":"https:\/\/nlguitar.com\/"},{"@type":"ListItem","position":2,"name":"Dashboard"}]},{"@type":"WebSite","@id":"https:\/\/nlguitar.com\/#website","url":"https:\/\/nlguitar.com\/","name":"NL Guitar","description":"Kh\u00f3a h\u1ecdc Guitar Online, Tabs &amp; S\u00e1ch Guitar Chuy\u00ean s\u00e2u","publisher":{"@id":"https:\/\/nlguitar.com\/#organization"},"potentialAction":[{"@type":"SearchAction","target":{"@type":"EntryPoint","urlTemplate":"https:\/\/nlguitar.com\/?s={search_term_string}"},"query-input":{"@type":"PropertyValueSpecification","valueRequired":true,"valueName":"search_term_string"}}],"inLanguage":"en-US"},{"@type":["Organization","Place"],"@id":"https:\/\/nlguitar.com\/#organization","name":"NL Guitar","alternateName":"NL Guitar Class","url":"https:\/\/nlguitar.com\/","logo":{"@id":"https:\/\/nlguitar.com\/dashboard\/#local-main-organization-logo"},"image":{"@id":"https:\/\/nlguitar.com\/dashboard\/#local-main-organization-logo"},"sameAs":["https:\/\/www.facebook.com\/nlguitarclass\/"],"description":"Chuy\u00ean cung c\u1ea5p c\u00e1c kho\u00e1 h\u1ecdc Guitar chuy\u00ean nghi\u1ec7p, Guitar Tabs, S\u00e1ch v\u00e0 Gi\u00e1o Tr\u00ecnh","telephone":[],"openingHoursSpecification":[{"@type":"OpeningHoursSpecification","dayOfWeek":["Monday","Tuesday","Wednesday","Thursday","Friday","Saturday","Sunday"],"opens":"09:00","closes":"17:00"}]},{"@type":"ImageObject","inLanguage":"en-US","@id":"https:\/\/nlguitar.com\/dashboard\/#local-main-organization-logo","url":"https:\/\/nlguitar.com\/wp-content\/uploads\/2026\/04\/cropped-Logo-26-2.png","contentUrl":"https:\/\/nlguitar.com\/wp-content\/uploads\/2026\/04\/cropped-Logo-26-2.png","width":512,"height":512,"caption":"NL Guitar"}]}},"_hostinger_reach_plugin_has_subscription_block":false,"_hostinger_reach_plugin_is_elementor":false,"jetpack_sharing_enabled":true,"_links":{"self":[{"href":"https:\/\/nlguitar.com\/en\/wp-json\/wp\/v2\/pages\/2651","targetHints":{"allow":["GET"]}}],"collection":[{"href":"https:\/\/nlguitar.com\/en\/wp-json\/wp\/v2\/pages"}],"about":[{"href":"https:\/\/nlguitar.com\/en\/wp-json\/wp\/v2\/types\/page"}],"author":[{"embeddable":true,"href":"https:\/\/nlguitar.com\/en\/wp-json\/wp\/v2\/users\/1"}],"replies":[{"embeddable":true,"href":"https:\/\/nlguitar.com\/en\/wp-json\/wp\/v2\/comments?post=2651"}],"version-history":[{"count":1,"href":"https:\/\/nlguitar.com\/en\/wp-json\/wp\/v2\/pages\/2651\/revisions"}],"predecessor-version":[{"id":2790,"href":"https:\/\/nlguitar.com\/en\/wp-json\/wp\/v2\/pages\/2651\/revisions\/2790"}],"wp:attachment":[{"href":"https:\/\/nlguitar.com\/en\/wp-json\/wp\/v2\/media?parent=2651"}],"curies":[{"name":"wp","href":"https:\/\/api.w.org\/{rel}","templated":true}]}}