{"id":10,"date":"2024-05-22T13:37:58","date_gmt":"2024-05-22T13:37:58","guid":{"rendered":"https:\/\/startersites.io\/blocksy\/furniture\/?page_id=10"},"modified":"2024-05-22T13:37:58","modified_gmt":"2024-05-22T13:37:58","slug":"my-account","status":"publish","type":"page","link":"https:\/\/nlguitar.com\/en\/my-account\/","title":{"rendered":"My account"},"content":{"rendered":"<div class=\"woocommerce ct-woo-unauthorized\"><\/div>","protected":false},"excerpt":{"rendered":"","protected":false},"author":1,"featured_media":0,"parent":0,"menu_order":0,"comment_status":"closed","ping_status":"closed","template":"","meta":{"footnotes":""},"class_list":["post-10","page","type-page","status-publish","hentry"],"blocksy_meta":[],"yoast_head":"<!-- This site is optimized with the Yoast SEO Premium plugin v27.5 (Yoast SEO v27.5) - https:\/\/yoast.com\/product\/yoast-seo-premium-wordpress\/ -->\n<title>My account - NL Guitar<\/title>\n<meta name=\"robots\" content=\"index, follow, max-snippet:-1, max-image-preview:large, max-video-preview:-1\" \/>\n<link rel=\"canonical\" href=\"https:\/\/nlguitar.com\/en\/my-account\/\" \/>\n<meta property=\"og:locale\" content=\"en_US\" \/>\n<meta property=\"og:type\" content=\"article\" \/>\n<meta property=\"og:title\" content=\"My account\" \/>\n<meta property=\"og:url\" content=\"https:\/\/nlguitar.com\/en\/my-account\/\" \/>\n<meta property=\"og:site_name\" content=\"NL Guitar\" \/>\n<meta property=\"article:publisher\" content=\"https:\/\/www.facebook.com\/nlguitarclass\/\" \/>\n<meta name=\"twitter:card\" content=\"summary_large_image\" \/>\n<script type=\"application\/ld+json\" class=\"yoast-schema-graph\">{\"@context\":\"https:\\\/\\\/schema.org\",\"@graph\":[{\"@type\":\"WebPage\",\"@id\":\"https:\\\/\\\/nlguitar.com\\\/my-account\\\/\",\"url\":\"https:\\\/\\\/nlguitar.com\\\/my-account\\\/\",\"name\":\"My account - NL Guitar\",\"isPartOf\":{\"@id\":\"https:\\\/\\\/nlguitar.com\\\/#website\"},\"datePublished\":\"2024-05-22T13:37:58+00:00\",\"breadcrumb\":{\"@id\":\"https:\\\/\\\/nlguitar.com\\\/my-account\\\/#breadcrumb\"},\"inLanguage\":\"en-US\",\"potentialAction\":[{\"@type\":\"ReadAction\",\"target\":[\"https:\\\/\\\/nlguitar.com\\\/my-account\\\/\"]}]},{\"@type\":\"BreadcrumbList\",\"@id\":\"https:\\\/\\\/nlguitar.com\\\/my-account\\\/#breadcrumb\",\"itemListElement\":[{\"@type\":\"ListItem\",\"position\":1,\"name\":\"Home\",\"item\":\"https:\\\/\\\/nlguitar.com\\\/\"},{\"@type\":\"ListItem\",\"position\":2,\"name\":\"My account\"}]},{\"@type\":\"WebSite\",\"@id\":\"https:\\\/\\\/nlguitar.com\\\/#website\",\"url\":\"https:\\\/\\\/nlguitar.com\\\/\",\"name\":\"NL Guitar\",\"description\":\"Kh\u00f3a h\u1ecdc Guitar Online, Tabs &amp; S\u00e1ch Guitar Chuy\u00ean s\u00e2u\",\"publisher\":{\"@id\":\"https:\\\/\\\/nlguitar.com\\\/#organization\"},\"potentialAction\":[{\"@type\":\"SearchAction\",\"target\":{\"@type\":\"EntryPoint\",\"urlTemplate\":\"https:\\\/\\\/nlguitar.com\\\/?s={search_term_string}\"},\"query-input\":{\"@type\":\"PropertyValueSpecification\",\"valueRequired\":true,\"valueName\":\"search_term_string\"}}],\"inLanguage\":\"en-US\"},{\"@type\":[\"Organization\",\"Place\"],\"@id\":\"https:\\\/\\\/nlguitar.com\\\/#organization\",\"name\":\"NL Guitar\",\"alternateName\":\"NL Guitar Class\",\"url\":\"https:\\\/\\\/nlguitar.com\\\/\",\"logo\":{\"@id\":\"https:\\\/\\\/nlguitar.com\\\/my-account\\\/#local-main-organization-logo\"},\"image\":{\"@id\":\"https:\\\/\\\/nlguitar.com\\\/my-account\\\/#local-main-organization-logo\"},\"sameAs\":[\"https:\\\/\\\/www.facebook.com\\\/nlguitarclass\\\/\"],\"description\":\"Chuy\u00ean cung c\u1ea5p c\u00e1c kho\u00e1 h\u1ecdc Guitar chuy\u00ean nghi\u1ec7p, Guitar Tabs, S\u00e1ch v\u00e0 Gi\u00e1o Tr\u00ecnh\",\"telephone\":[],\"openingHoursSpecification\":[{\"@type\":\"OpeningHoursSpecification\",\"dayOfWeek\":[\"Monday\",\"Tuesday\",\"Wednesday\",\"Thursday\",\"Friday\",\"Saturday\",\"Sunday\"],\"opens\":\"09:00\",\"closes\":\"17:00\"}]},{\"@type\":\"ImageObject\",\"inLanguage\":\"en-US\",\"@id\":\"https:\\\/\\\/nlguitar.com\\\/my-account\\\/#local-main-organization-logo\",\"url\":\"https:\\\/\\\/nlguitar.com\\\/wp-content\\\/uploads\\\/2026\\\/04\\\/cropped-Logo-26-2.png\",\"contentUrl\":\"https:\\\/\\\/nlguitar.com\\\/wp-content\\\/uploads\\\/2026\\\/04\\\/cropped-Logo-26-2.png\",\"width\":512,\"height\":512,\"caption\":\"NL Guitar\"}]}<\/script>\n<!-- \/ Yoast SEO Premium plugin. -->","yoast_head_json":{"title":"My account - NL Guitar","robots":{"index":"index","follow":"follow","max-snippet":"max-snippet:-1","max-image-preview":"max-image-preview:large","max-video-preview":"max-video-preview:-1"},"canonical":"https:\/\/nlguitar.com\/en\/my-account\/","og_locale":"en_US","og_type":"article","og_title":"My account","og_url":"https:\/\/nlguitar.com\/en\/my-account\/","og_site_name":"NL Guitar","article_publisher":"https:\/\/www.facebook.com\/nlguitarclass\/","twitter_card":"summary_large_image","schema":{"@context":"https:\/\/schema.org","@graph":[{"@type":"WebPage","@id":"https:\/\/nlguitar.com\/my-account\/","url":"https:\/\/nlguitar.com\/my-account\/","name":"My account - NL Guitar","isPartOf":{"@id":"https:\/\/nlguitar.com\/#website"},"datePublished":"2024-05-22T13:37:58+00:00","breadcrumb":{"@id":"https:\/\/nlguitar.com\/my-account\/#breadcrumb"},"inLanguage":"en-US","potentialAction":[{"@type":"ReadAction","target":["https:\/\/nlguitar.com\/my-account\/"]}]},{"@type":"BreadcrumbList","@id":"https:\/\/nlguitar.com\/my-account\/#breadcrumb","itemListElement":[{"@type":"ListItem","position":1,"name":"Home","item":"https:\/\/nlguitar.com\/"},{"@type":"ListItem","position":2,"name":"My account"}]},{"@type":"WebSite","@id":"https:\/\/nlguitar.com\/#website","url":"https:\/\/nlguitar.com\/","name":"NL Guitar","description":"Kh\u00f3a h\u1ecdc Guitar Online, Tabs &amp; S\u00e1ch Guitar Chuy\u00ean s\u00e2u","publisher":{"@id":"https:\/\/nlguitar.com\/#organization"},"potentialAction":[{"@type":"SearchAction","target":{"@type":"EntryPoint","urlTemplate":"https:\/\/nlguitar.com\/?s={search_term_string}"},"query-input":{"@type":"PropertyValueSpecification","valueRequired":true,"valueName":"search_term_string"}}],"inLanguage":"en-US"},{"@type":["Organization","Place"],"@id":"https:\/\/nlguitar.com\/#organization","name":"NL Guitar","alternateName":"NL Guitar Class","url":"https:\/\/nlguitar.com\/","logo":{"@id":"https:\/\/nlguitar.com\/my-account\/#local-main-organization-logo"},"image":{"@id":"https:\/\/nlguitar.com\/my-account\/#local-main-organization-logo"},"sameAs":["https:\/\/www.facebook.com\/nlguitarclass\/"],"description":"Chuy\u00ean cung c\u1ea5p c\u00e1c kho\u00e1 h\u1ecdc Guitar chuy\u00ean nghi\u1ec7p, Guitar Tabs, S\u00e1ch v\u00e0 Gi\u00e1o Tr\u00ecnh","telephone":[],"openingHoursSpecification":[{"@type":"OpeningHoursSpecification","dayOfWeek":["Monday","Tuesday","Wednesday","Thursday","Friday","Saturday","Sunday"],"opens":"09:00","closes":"17:00"}]},{"@type":"ImageObject","inLanguage":"en-US","@id":"https:\/\/nlguitar.com\/my-account\/#local-main-organization-logo","url":"https:\/\/nlguitar.com\/wp-content\/uploads\/2026\/04\/cropped-Logo-26-2.png","contentUrl":"https:\/\/nlguitar.com\/wp-content\/uploads\/2026\/04\/cropped-Logo-26-2.png","width":512,"height":512,"caption":"NL Guitar"}]}},"_hostinger_reach_plugin_has_subscription_block":false,"_hostinger_reach_plugin_is_elementor":false,"jetpack_sharing_enabled":true,"_links":{"self":[{"href":"https:\/\/nlguitar.com\/en\/wp-json\/wp\/v2\/pages\/10","targetHints":{"allow":["GET"]}}],"collection":[{"href":"https:\/\/nlguitar.com\/en\/wp-json\/wp\/v2\/pages"}],"about":[{"href":"https:\/\/nlguitar.com\/en\/wp-json\/wp\/v2\/types\/page"}],"author":[{"embeddable":true,"href":"https:\/\/nlguitar.com\/en\/wp-json\/wp\/v2\/users\/1"}],"replies":[{"embeddable":true,"href":"https:\/\/nlguitar.com\/en\/wp-json\/wp\/v2\/comments?post=10"}],"version-history":[{"count":0,"href":"https:\/\/nlguitar.com\/en\/wp-json\/wp\/v2\/pages\/10\/revisions"}],"wp:attachment":[{"href":"https:\/\/nlguitar.com\/en\/wp-json\/wp\/v2\/media?parent=10"}],"curies":[{"name":"wp","href":"https:\/\/api.w.org\/{rel}","templated":true}]}}